{"id":6396,"date":"2021-05-09T15:25:08","date_gmt":"2021-05-09T15:25:08","guid":{"rendered":"https:\/\/www.weddinginfrance.fr\/en\/?p=6396"},"modified":"2023-06-05T15:26:34","modified_gmt":"2023-06-05T15:26:34","slug":"wedding-venue-chateau-villette","status":"publish","type":"page","link":"https:\/\/www.weddinginfrance.fr\/en\/wedding-venue-chateau-villette\/","title":{"rendered":"Wedding venue : Ch\u00e2teau de Villette"},"content":{"rendered":"\t\t<div data-elementor-type=\"wp-post\" data-elementor-id=\"6396\" class=\"elementor elementor-6396\" data-elementor-post-type=\"page\">\n\t\t\t\t\t\t<section class=\"elementor-section elementor-top-section elementor-element elementor-element-9f2316c elementor-section-boxed elementor-section-height-default elementor-section-height-default\" data-id=\"9f2316c\" data-element_type=\"section\" data-e-type=\"section\">\n\t\t\t\t\t\t<div class=\"elementor-container elementor-column-gap-default\">\n\t\t\t\t\t<div class=\"elementor-column elementor-col-100 elementor-top-column elementor-element elementor-element-14f1333\" data-id=\"14f1333\" data-element_type=\"column\" data-e-type=\"column\">\n\t\t\t<div class=\"elementor-widget-wrap\">\n\t\t\t\t\t\t\t<\/div>\n\t\t<\/div>\n\t\t\t\t\t<\/div>\n\t\t<\/section>\n\t\t\t\t<section class=\"elementor-section elementor-top-section elementor-element elementor-element-05485d1 elementor-section-boxed elementor-section-height-default elementor-section-height-default\" data-id=\"05485d1\" data-element_type=\"section\" data-e-type=\"section\">\n\t\t\t\t\t\t<div class=\"elementor-container elementor-column-gap-default\">\n\t\t\t\t\t<div class=\"elementor-column elementor-col-100 elementor-top-column elementor-element elementor-element-68ed38f\" data-id=\"68ed38f\" data-element_type=\"column\" data-e-type=\"column\">\n\t\t\t<div class=\"elementor-widget-wrap elementor-element-populated\">\n\t\t\t\t\t\t\t<\/div>\n\t\t<\/div>\n\t\t\t\t\t<\/div>\n\t\t<\/section>\n\t\t\t\t<section class=\"elementor-section elementor-top-section elementor-element elementor-element-107986d elementor-section-boxed elementor-section-height-default elementor-section-height-default\" data-id=\"107986d\" data-element_type=\"section\" data-e-type=\"section\">\n\t\t\t\t\t\t<div class=\"elementor-container elementor-column-gap-default\">\n\t\t\t\t\t<div class=\"elementor-column elementor-col-100 elementor-top-column elementor-element elementor-element-9927cf3\" data-id=\"9927cf3\" data-element_type=\"column\" data-e-type=\"column\">\n\t\t\t<div class=\"elementor-widget-wrap elementor-element-populated\">\n\t\t\t\t\t\t<div class=\"elementor-element elementor-element-54f625b elementor-widget elementor-widget-text-editor\" data-id=\"54f625b\" data-element_type=\"widget\" data-e-type=\"widget\" data-widget_type=\"text-editor.default\">\n\t\t\t\t<div class=\"elementor-widget-container\">\n\t\t\t\t\t\t\t\t\t<h2><a href=\"https:\/\/www.weddinginfrance.fr\/en\/\"><span style=\"font-family: 'Mrs Saint Delafield'; font-size: 50pt;\">Weddings\u00a0 by CTH Events Paris<\/span><\/a><\/h2><p>\u00a0<\/p><p><span style=\"font-size: 18pt;\"><a href=\"https:\/\/www.ctheventsparis.com\/\">Weddings<\/a> &amp; Private Events &amp; Corporate &amp; Scenography<\/span><\/p>\t\t\t\t\t\t\t\t<\/div>\n\t\t\t\t<\/div>\n\t\t\t\t\t<\/div>\n\t\t<\/div>\n\t\t\t\t\t<\/div>\n\t\t<\/section>\n\t\t\t\t<section class=\"elementor-section elementor-top-section elementor-element elementor-element-6734555 elementor-section-boxed elementor-section-height-default elementor-section-height-default\" data-id=\"6734555\" data-element_type=\"section\" data-e-type=\"section\">\n\t\t\t\t\t\t<div class=\"elementor-container elementor-column-gap-default\">\n\t\t\t\t\t<div class=\"elementor-column elementor-col-100 elementor-top-column elementor-element elementor-element-f77a931\" data-id=\"f77a931\" data-element_type=\"column\" data-e-type=\"column\">\n\t\t\t<div class=\"elementor-widget-wrap elementor-element-populated\">\n\t\t\t\t\t\t<div class=\"elementor-element elementor-element-51472b8 elementor-widget elementor-widget-text-editor\" data-id=\"51472b8\" data-element_type=\"widget\" data-e-type=\"widget\" data-widget_type=\"text-editor.default\">\n\t\t\t\t<div class=\"elementor-widget-container\">\n\t\t\t\t\t\t\t\t\t<p>Wedding venue : <a href=\"https:\/\/theheritage-collection.com\/chateau-de-villette\/\">Ch\u00e2teau Villette<\/a>. French-style gardens, born of the hand of Le N\u00f4tre, sumptuous lounges, this historic monument houses rich decorations and furniture that restore a certain \u00abart de vivre\u00bb\u00a0 of the time, excellence and authentic charm. Book the ch\u00e2teau \u00a0Villette for your wedding\u00a0!<\/p><p>Experience an unforgettable moment in the splendour of the French decor<\/p><p><strong><em>\u00a0<\/em><\/strong><\/p><p><span style=\"font-family: Quicksand; font-size: 24pt;\">Symbolic ceremony<\/span><\/p><p>Wedding venue : Ch\u00e2teau Villette, due to the position of its gardens, you can enjoy a ceremony in an exceptional setting. And if, adventurous, the weather is capricious, the chapel, by its configuration, allows you to set up your ceremony in the best conditions. Thanks to our privileged partners, you can enjoy a completely personalized symbolic ceremony, in your own image.<\/p><p><span style=\"font-family: Quicksand; font-size: 24pt;\">Cocktail, <a href=\"https:\/\/www.weddinginfrance.fr\/en\/the-french-wedding-meal\/\">dinner<\/a>, dance party<\/span><\/p><ul><li>Very attentive to your needs, we put the castle at your disposal to come and make the necessary searches for your preparations. The castle opens its doors to you from 9 am so that you can set up your decoration.<\/li><li>Modularity, an exceptional asset, the two lounges: Vestibule and Grand salon (with a total area of 180 m2) will allow you to receive up to 100 people for a cocktail, 80-90 for a seated dinner. If you wish to accommodate more guests, the installation of barnums in the inner courtyard is quite possible. The inner courtyard: All our lounges have access to this lovely inner courtyard, intimate and warm. You can welcome your guests and set up your cocktail in an ideal setting (if the weather is good).<\/li><\/ul><ul><li>Accomodation: rent of 14 rooms<\/li><li>Furniture \u2013 Seated Dining Chairs is possible<\/li><li>From 2.00 am, an additional charge of 500 \u20ac VAT included \/hour will be charged.<\/li><li>The dance party at the orangerie will have to end at 3:00 am.<\/li><\/ul><p>You can see other venues of The Heritage Collection\u00a0: <a href=\"https:\/\/theheritage-collection.com\/villa-balbiano\/\">Villa Balbiano<\/a>, <a href=\"https:\/\/theheritage-collection.com\/villa-astor\/\">Villa Astor<\/a> and<a href=\"https:\/\/theheritage-collection.com\/villa-clara\/\"> Villa Clara.<\/a><\/p>\t\t\t\t\t\t\t\t<\/div>\n\t\t\t\t<\/div>\n\t\t\t\t\t<\/div>\n\t\t<\/div>\n\t\t\t\t\t<\/div>\n\t\t<\/section>\n\t\t\t\t<section class=\"elementor-section elementor-top-section elementor-element elementor-element-a80c05c elementor-section-boxed elementor-section-height-default elementor-section-height-default\" data-id=\"a80c05c\" data-element_type=\"section\" data-e-type=\"section\">\n\t\t\t\t\t\t<div class=\"elementor-container elementor-column-gap-default\">\n\t\t\t\t\t<div class=\"elementor-column elementor-col-33 elementor-top-column elementor-element elementor-element-a127358\" data-id=\"a127358\" data-element_type=\"column\" data-e-type=\"column\">\n\t\t\t<div class=\"elementor-widget-wrap elementor-element-populated\">\n\t\t\t\t\t\t<div class=\"elementor-element elementor-element-0277740 elementor-widget elementor-widget-image\" data-id=\"0277740\" data-element_type=\"widget\" data-e-type=\"widget\" data-widget_type=\"image.default\">\n\t\t\t\t<div class=\"elementor-widget-container\">\n\t\t\t\t\t\t\t\t\t\t\t\t\t\t\t<img decoding=\"async\" src=\"https:\/\/www.weddinginfrance.fr\/en\/wp-content\/uploads\/elementor\/thumbs\/VIO_6710-scaled-p6x4pq27tyk9eok7ewvsu53ebmoz8j9liu4n044sj4.jpg\" title=\"weddings in chateau villette\" alt=\"getting ready in chateau villette\" loading=\"lazy\" \/>\t\t\t\t\t\t\t\t\t\t\t\t\t\t\t<\/div>\n\t\t\t\t<\/div>\n\t\t\t\t\t<\/div>\n\t\t<\/div>\n\t\t\t\t<div class=\"elementor-column elementor-col-33 elementor-top-column elementor-element elementor-element-11d89c3\" data-id=\"11d89c3\" data-element_type=\"column\" data-e-type=\"column\">\n\t\t\t<div class=\"elementor-widget-wrap elementor-element-populated\">\n\t\t\t\t\t\t<div class=\"elementor-element elementor-element-39c851c elementor-widget elementor-widget-image\" data-id=\"39c851c\" data-element_type=\"widget\" data-e-type=\"widget\" data-widget_type=\"image.default\">\n\t\t\t\t<div class=\"elementor-widget-container\">\n\t\t\t\t\t\t\t\t\t\t\t\t\t\t\t<img decoding=\"async\" src=\"https:\/\/www.weddinginfrance.fr\/en\/wp-content\/uploads\/elementor\/thumbs\/FRA_7141-scaled-p6x4nnsyu1qlxhk2gis9v5tze6uzcg2swmla396w6o.jpg\" title=\"wedding in chateau villette\" alt=\"chateau villette\" loading=\"lazy\" \/>\t\t\t\t\t\t\t\t\t\t\t\t\t\t\t<\/div>\n\t\t\t\t<\/div>\n\t\t\t\t\t<\/div>\n\t\t<\/div>\n\t\t\t\t<div class=\"elementor-column elementor-col-33 elementor-top-column elementor-element elementor-element-035c296\" data-id=\"035c296\" data-element_type=\"column\" data-e-type=\"column\">\n\t\t\t<div class=\"elementor-widget-wrap elementor-element-populated\">\n\t\t\t\t\t\t<div class=\"elementor-element elementor-element-cd07097 elementor-widget elementor-widget-image\" data-id=\"cd07097\" data-element_type=\"widget\" data-e-type=\"widget\" data-widget_type=\"image.default\">\n\t\t\t\t<div class=\"elementor-widget-container\">\n\t\t\t\t\t\t\t\t\t\t\t\t\t\t\t<img decoding=\"async\" src=\"https:\/\/www.weddinginfrance.fr\/en\/wp-content\/uploads\/elementor\/thumbs\/FRB_2430-scaled-p6x4shp3yecnlcjh93y96fy9ah1vwg958ja3vg127k.jpg\" title=\"heritage collection\" alt=\"chateau villette wedding\" loading=\"lazy\" \/>\t\t\t\t\t\t\t\t\t\t\t\t\t\t\t<\/div>\n\t\t\t\t<\/div>\n\t\t\t\t\t<\/div>\n\t\t<\/div>\n\t\t\t\t\t<\/div>\n\t\t<\/section>\n\t\t\t\t<section class=\"elementor-section elementor-top-section elementor-element elementor-element-3e7bcc5 elementor-section-boxed elementor-section-height-default elementor-section-height-default\" data-id=\"3e7bcc5\" data-element_type=\"section\" data-e-type=\"section\">\n\t\t\t\t\t\t<div class=\"elementor-container elementor-column-gap-default\">\n\t\t\t\t\t<div class=\"elementor-column elementor-col-33 elementor-top-column elementor-element elementor-element-0533c27\" data-id=\"0533c27\" data-element_type=\"column\" data-e-type=\"column\">\n\t\t\t<div class=\"elementor-widget-wrap elementor-element-populated\">\n\t\t\t\t\t\t<div class=\"elementor-element elementor-element-3e5eacb elementor-widget elementor-widget-image\" data-id=\"3e5eacb\" data-element_type=\"widget\" data-e-type=\"widget\" data-widget_type=\"image.default\">\n\t\t\t\t<div class=\"elementor-widget-container\">\n\t\t\t\t\t\t\t\t\t\t\t\t\t\t\t<img decoding=\"async\" src=\"https:\/\/www.weddinginfrance.fr\/en\/wp-content\/uploads\/elementor\/thumbs\/FRA_7188-scaled-p6x4wfmqmdqyagtb8bax4y4uznmb6qwm41sfc86m40.jpg\" title=\"paris elopement\" alt=\"symbolic ceremony in france\" loading=\"lazy\" \/>\t\t\t\t\t\t\t\t\t\t\t\t\t\t\t<\/div>\n\t\t\t\t<\/div>\n\t\t\t\t\t<\/div>\n\t\t<\/div>\n\t\t\t\t<div class=\"elementor-column elementor-col-33 elementor-top-column elementor-element elementor-element-87e5417\" data-id=\"87e5417\" data-element_type=\"column\" data-e-type=\"column\">\n\t\t\t<div class=\"elementor-widget-wrap elementor-element-populated\">\n\t\t\t\t\t\t<div class=\"elementor-element elementor-element-c8c8a0e elementor-widget elementor-widget-image\" data-id=\"c8c8a0e\" data-element_type=\"widget\" data-e-type=\"widget\" data-widget_type=\"image.default\">\n\t\t\t\t<div class=\"elementor-widget-container\">\n\t\t\t\t\t\t\t\t\t\t\t\t\t\t\t<img decoding=\"async\" src=\"https:\/\/www.weddinginfrance.fr\/en\/wp-content\/uploads\/elementor\/thumbs\/paris-wedding-planner-9-scaled-p1xsyjkhyonj22yh44pwrs7zm63qm3vc63fr6ikqk0.jpg\" title=\"paris wedding planner (9)\" alt=\"Wedding venue in France\" loading=\"lazy\" \/>\t\t\t\t\t\t\t\t\t\t\t\t\t\t\t<\/div>\n\t\t\t\t<\/div>\n\t\t\t\t\t<\/div>\n\t\t<\/div>\n\t\t\t\t<div class=\"elementor-column elementor-col-33 elementor-top-column elementor-element elementor-element-5a7f51b\" data-id=\"5a7f51b\" data-element_type=\"column\" data-e-type=\"column\">\n\t\t\t<div class=\"elementor-widget-wrap elementor-element-populated\">\n\t\t\t\t\t\t<div class=\"elementor-element elementor-element-76bf969 elementor-widget elementor-widget-image\" data-id=\"76bf969\" data-element_type=\"widget\" data-e-type=\"widget\" data-widget_type=\"image.default\">\n\t\t\t\t<div class=\"elementor-widget-container\">\n\t\t\t\t\t\t\t\t\t\t\t\t\t\t\t<img decoding=\"async\" src=\"https:\/\/www.weddinginfrance.fr\/en\/wp-content\/uploads\/elementor\/thumbs\/lebanese-wedding-in-paris-26-p6x4y4q8ym2l94ckbjpo50ptlp9632n60g6zj7o0vk.jpg\" title=\"lebanese wedding in paris (26)\" alt=\"lebanese wedding in paris (26)\" loading=\"lazy\" \/>\t\t\t\t\t\t\t\t\t\t\t\t\t\t\t<\/div>\n\t\t\t\t<\/div>\n\t\t\t\t\t<\/div>\n\t\t<\/div>\n\t\t\t\t\t<\/div>\n\t\t<\/section>\n\t\t\t\t<section class=\"elementor-section elementor-top-section elementor-element elementor-element-340c969 elementor-section-boxed elementor-section-height-default elementor-section-height-default\" data-id=\"340c969\" data-element_type=\"section\" data-e-type=\"section\">\n\t\t\t\t\t\t<div class=\"elementor-container elementor-column-gap-default\">\n\t\t\t\t\t<div class=\"elementor-column elementor-col-33 elementor-top-column elementor-element elementor-element-1e7956b\" data-id=\"1e7956b\" data-element_type=\"column\" data-e-type=\"column\">\n\t\t\t<div class=\"elementor-widget-wrap elementor-element-populated\">\n\t\t\t\t\t\t<div class=\"elementor-element elementor-element-0362d9c elementor-widget elementor-widget-image\" data-id=\"0362d9c\" data-element_type=\"widget\" data-e-type=\"widget\" data-widget_type=\"image.default\">\n\t\t\t\t<div class=\"elementor-widget-container\">\n\t\t\t\t\t\t\t\t\t\t\t\t\t\t\t<img decoding=\"async\" src=\"https:\/\/www.weddinginfrance.fr\/en\/wp-content\/uploads\/elementor\/thumbs\/paris-wedding-planner-102-scaled-p6x52zk89spx8lalynaa0slk3dbfurx8ohjasogsq8.jpg\" title=\"paris wedding planner (102)\" alt=\"paris wedding planner (102)\" loading=\"lazy\" \/>\t\t\t\t\t\t\t\t\t\t\t\t\t\t\t<\/div>\n\t\t\t\t<\/div>\n\t\t\t\t\t<\/div>\n\t\t<\/div>\n\t\t\t\t<div class=\"elementor-column elementor-col-33 elementor-top-column elementor-element elementor-element-043c4c5\" data-id=\"043c4c5\" data-element_type=\"column\" data-e-type=\"column\">\n\t\t\t<div class=\"elementor-widget-wrap elementor-element-populated\">\n\t\t\t\t\t\t<div class=\"elementor-element elementor-element-341798b elementor-widget elementor-widget-image\" data-id=\"341798b\" data-element_type=\"widget\" data-e-type=\"widget\" data-widget_type=\"image.default\">\n\t\t\t\t<div class=\"elementor-widget-container\">\n\t\t\t\t\t\t\t\t\t\t\t\t\t\t\t<img decoding=\"async\" src=\"https:\/\/www.weddinginfrance.fr\/en\/wp-content\/uploads\/elementor\/thumbs\/paris-wedding-planner-62-scaled-p6x54jyjnuv4l70otbnw6ed7qhlgom54w8ofla56cw.jpg\" title=\"paris wedding planner\" alt=\"eloepement in paris planner\" loading=\"lazy\" \/>\t\t\t\t\t\t\t\t\t\t\t\t\t\t\t<\/div>\n\t\t\t\t<\/div>\n\t\t\t\t\t<\/div>\n\t\t<\/div>\n\t\t\t\t<div class=\"elementor-column elementor-col-33 elementor-top-column elementor-element elementor-element-a928d56\" data-id=\"a928d56\" data-element_type=\"column\" data-e-type=\"column\">\n\t\t\t<div class=\"elementor-widget-wrap elementor-element-populated\">\n\t\t\t\t\t\t<div class=\"elementor-element elementor-element-8764ef6 elementor-widget elementor-widget-image\" data-id=\"8764ef6\" data-element_type=\"widget\" data-e-type=\"widget\" data-widget_type=\"image.default\">\n\t\t\t\t<div class=\"elementor-widget-container\">\n\t\t\t\t\t\t\t\t\t\t\t\t\t\t\t<img decoding=\"async\" src=\"https:\/\/www.weddinginfrance.fr\/en\/wp-content\/uploads\/elementor\/thumbs\/paris-wedding-planner-28-scaled-p6x51cceb8gux5omkfos5pjio3fbdue5gcfpk8wlm8.jpg\" title=\"paris wedding planner (28)\" alt=\"paris wedding planner (28)\" loading=\"lazy\" \/>\t\t\t\t\t\t\t\t\t\t\t\t\t\t\t<\/div>\n\t\t\t\t<\/div>\n\t\t\t\t\t<\/div>\n\t\t<\/div>\n\t\t\t\t\t<\/div>\n\t\t<\/section>\n\t\t\t\t<\/div>\n\t\t","protected":false},"excerpt":{"rendered":"<p>Weddings\u00a0 by CTH Events Paris Weddings &amp; Private Events &amp; Corporate &amp; Scenography Wedding venue : Ch\u00e2teau Villette. French-style gardens, born of the hand of Le N\u00f4tre, sumptuous lounges,<\/p>\n","protected":false},"author":2,"featured_media":4984,"parent":0,"menu_order":0,"comment_status":"closed","ping_status":"open","template":"","meta":{"footnotes":""},"class_list":["post-6396","page","type-page","status-publish","hentry"],"yoast_head":"<!-- This site is optimized with the Yoast SEO plugin v27.5 - https:\/\/yoast.com\/product\/yoast-seo-wordpress\/ -->\n<title>Wedding venue : Ch\u00e2teau de Villette Weddings by CTH Events Paris<\/title>\n<meta name=\"description\" content=\"Wedding venue : Ch\u00e2teau Villette, French-style gardens, born of the hand of Le N\u00f4tre, sumptuous lounges, this historic monument houses rich decorations and furniture that restore a certain \u00ab art de vivre \u00bb of the time, excellence and authentic charm.\" \/>\n<meta name=\"robots\" content=\"index, follow, max-snippet:-1, max-image-preview:large, max-video-preview:-1\" \/>\n<link rel=\"canonical\" href=\"https:\/\/www.weddinginfrance.fr\/en\/wedding-venue-chateau-villette\/\" \/>\n<meta property=\"og:locale\" content=\"en_GB\" \/>\n<meta property=\"og:type\" content=\"article\" \/>\n<meta property=\"og:title\" content=\"Wedding venue : Ch\u00e2teau de Villette Weddings by CTH Events Paris\" \/>\n<meta property=\"og:description\" content=\"Wedding venue : Ch\u00e2teau Villette, French-style gardens, born of the hand of Le N\u00f4tre, sumptuous lounges, this historic monument houses rich decorations and furniture that restore a certain \u00ab art de vivre \u00bb of the time, excellence and authentic charm.\" \/>\n<meta property=\"og:url\" content=\"https:\/\/www.weddinginfrance.fr\/en\/wedding-venue-chateau-villette\/\" \/>\n<meta property=\"og:site_name\" content=\"Destination wedding planner in France\" \/>\n<meta property=\"article:modified_time\" content=\"2023-06-05T15:26:34+00:00\" \/>\n<meta property=\"og:image\" content=\"https:\/\/www.weddinginfrance.fr\/en\/wp-content\/uploads\/2021\/02\/AKolot_012-scaled.jpg\" \/>\n\t<meta property=\"og:image:width\" content=\"1704\" \/>\n\t<meta property=\"og:image:height\" content=\"2560\" \/>\n\t<meta property=\"og:image:type\" content=\"image\/jpeg\" \/>\n<meta name=\"twitter:card\" content=\"summary_large_image\" \/>\n<meta name=\"twitter:label1\" content=\"Estimated reading time\" \/>\n\t<meta name=\"twitter:data1\" content=\"4 minutes\" \/>\n<script type=\"application\/ld+json\" class=\"yoast-schema-graph\">{\"@context\":\"https:\\\/\\\/schema.org\",\"@graph\":[{\"@type\":\"WebPage\",\"@id\":\"https:\\\/\\\/www.weddinginfrance.fr\\\/en\\\/wedding-venue-chateau-villette\\\/\",\"url\":\"https:\\\/\\\/www.weddinginfrance.fr\\\/en\\\/wedding-venue-chateau-villette\\\/\",\"name\":\"Wedding venue : Ch\u00e2teau de Villette Weddings by CTH Events Paris\",\"isPartOf\":{\"@id\":\"https:\\\/\\\/www.weddinginfrance.fr\\\/en\\\/#website\"},\"primaryImageOfPage\":{\"@id\":\"https:\\\/\\\/www.weddinginfrance.fr\\\/en\\\/wedding-venue-chateau-villette\\\/#primaryimage\"},\"image\":{\"@id\":\"https:\\\/\\\/www.weddinginfrance.fr\\\/en\\\/wedding-venue-chateau-villette\\\/#primaryimage\"},\"thumbnailUrl\":\"https:\\\/\\\/www.weddinginfrance.fr\\\/en\\\/wp-content\\\/uploads\\\/2021\\\/02\\\/AKolot_012-scaled.jpg\",\"datePublished\":\"2021-05-09T15:25:08+00:00\",\"dateModified\":\"2023-06-05T15:26:34+00:00\",\"description\":\"Wedding venue : Ch\u00e2teau Villette, French-style gardens, born of the hand of Le N\u00f4tre, sumptuous lounges, this historic monument houses rich decorations and furniture that restore a certain \u00ab art de vivre \u00bb of the time, excellence and authentic charm.\",\"breadcrumb\":{\"@id\":\"https:\\\/\\\/www.weddinginfrance.fr\\\/en\\\/wedding-venue-chateau-villette\\\/#breadcrumb\"},\"inLanguage\":\"en-GB\",\"potentialAction\":[{\"@type\":\"ReadAction\",\"target\":[\"https:\\\/\\\/www.weddinginfrance.fr\\\/en\\\/wedding-venue-chateau-villette\\\/\"]}]},{\"@type\":\"ImageObject\",\"inLanguage\":\"en-GB\",\"@id\":\"https:\\\/\\\/www.weddinginfrance.fr\\\/en\\\/wedding-venue-chateau-villette\\\/#primaryimage\",\"url\":\"https:\\\/\\\/www.weddinginfrance.fr\\\/en\\\/wp-content\\\/uploads\\\/2021\\\/02\\\/AKolot_012-scaled.jpg\",\"contentUrl\":\"https:\\\/\\\/www.weddinginfrance.fr\\\/en\\\/wp-content\\\/uploads\\\/2021\\\/02\\\/AKolot_012-scaled.jpg\",\"width\":1704,\"height\":2560,\"caption\":\"Wedding in chateau villette\"},{\"@type\":\"BreadcrumbList\",\"@id\":\"https:\\\/\\\/www.weddinginfrance.fr\\\/en\\\/wedding-venue-chateau-villette\\\/#breadcrumb\",\"itemListElement\":[{\"@type\":\"ListItem\",\"position\":1,\"name\":\"Home\",\"item\":\"https:\\\/\\\/www.weddinginfrance.fr\\\/en\\\/\"},{\"@type\":\"ListItem\",\"position\":2,\"name\":\"Wedding venue : Ch\u00e2teau de Villette\"}]},{\"@type\":\"WebSite\",\"@id\":\"https:\\\/\\\/www.weddinginfrance.fr\\\/en\\\/#website\",\"url\":\"https:\\\/\\\/www.weddinginfrance.fr\\\/en\\\/\",\"name\":\"Destination wedding planner in France\",\"description\":\"Destination wedding planner in France\",\"potentialAction\":[{\"@type\":\"SearchAction\",\"target\":{\"@type\":\"EntryPoint\",\"urlTemplate\":\"https:\\\/\\\/www.weddinginfrance.fr\\\/en\\\/?s={search_term_string}\"},\"query-input\":{\"@type\":\"PropertyValueSpecification\",\"valueRequired\":true,\"valueName\":\"search_term_string\"}}],\"inLanguage\":\"en-GB\"}]}<\/script>\n<!-- \/ Yoast SEO plugin. -->","yoast_head_json":{"title":"Wedding venue : Ch\u00e2teau de Villette Weddings by CTH Events Paris","description":"Wedding venue : Ch\u00e2teau Villette, French-style gardens, born of the hand of Le N\u00f4tre, sumptuous lounges, this historic monument houses rich decorations and furniture that restore a certain \u00ab art de vivre \u00bb of the time, excellence and authentic charm.","robots":{"index":"index","follow":"follow","max-snippet":"max-snippet:-1","max-image-preview":"max-image-preview:large","max-video-preview":"max-video-preview:-1"},"canonical":"https:\/\/www.weddinginfrance.fr\/en\/wedding-venue-chateau-villette\/","og_locale":"en_GB","og_type":"article","og_title":"Wedding venue : Ch\u00e2teau de Villette Weddings by CTH Events Paris","og_description":"Wedding venue : Ch\u00e2teau Villette, French-style gardens, born of the hand of Le N\u00f4tre, sumptuous lounges, this historic monument houses rich decorations and furniture that restore a certain \u00ab art de vivre \u00bb of the time, excellence and authentic charm.","og_url":"https:\/\/www.weddinginfrance.fr\/en\/wedding-venue-chateau-villette\/","og_site_name":"Destination wedding planner in France","article_modified_time":"2023-06-05T15:26:34+00:00","og_image":[{"width":1704,"height":2560,"url":"https:\/\/www.weddinginfrance.fr\/en\/wp-content\/uploads\/2021\/02\/AKolot_012-scaled.jpg","type":"image\/jpeg"}],"twitter_card":"summary_large_image","twitter_misc":{"Estimated reading time":"4 minutes"},"schema":{"@context":"https:\/\/schema.org","@graph":[{"@type":"WebPage","@id":"https:\/\/www.weddinginfrance.fr\/en\/wedding-venue-chateau-villette\/","url":"https:\/\/www.weddinginfrance.fr\/en\/wedding-venue-chateau-villette\/","name":"Wedding venue : Ch\u00e2teau de Villette Weddings by CTH Events Paris","isPartOf":{"@id":"https:\/\/www.weddinginfrance.fr\/en\/#website"},"primaryImageOfPage":{"@id":"https:\/\/www.weddinginfrance.fr\/en\/wedding-venue-chateau-villette\/#primaryimage"},"image":{"@id":"https:\/\/www.weddinginfrance.fr\/en\/wedding-venue-chateau-villette\/#primaryimage"},"thumbnailUrl":"https:\/\/www.weddinginfrance.fr\/en\/wp-content\/uploads\/2021\/02\/AKolot_012-scaled.jpg","datePublished":"2021-05-09T15:25:08+00:00","dateModified":"2023-06-05T15:26:34+00:00","description":"Wedding venue : Ch\u00e2teau Villette, French-style gardens, born of the hand of Le N\u00f4tre, sumptuous lounges, this historic monument houses rich decorations and furniture that restore a certain \u00ab art de vivre \u00bb of the time, excellence and authentic charm.","breadcrumb":{"@id":"https:\/\/www.weddinginfrance.fr\/en\/wedding-venue-chateau-villette\/#breadcrumb"},"inLanguage":"en-GB","potentialAction":[{"@type":"ReadAction","target":["https:\/\/www.weddinginfrance.fr\/en\/wedding-venue-chateau-villette\/"]}]},{"@type":"ImageObject","inLanguage":"en-GB","@id":"https:\/\/www.weddinginfrance.fr\/en\/wedding-venue-chateau-villette\/#primaryimage","url":"https:\/\/www.weddinginfrance.fr\/en\/wp-content\/uploads\/2021\/02\/AKolot_012-scaled.jpg","contentUrl":"https:\/\/www.weddinginfrance.fr\/en\/wp-content\/uploads\/2021\/02\/AKolot_012-scaled.jpg","width":1704,"height":2560,"caption":"Wedding in chateau villette"},{"@type":"BreadcrumbList","@id":"https:\/\/www.weddinginfrance.fr\/en\/wedding-venue-chateau-villette\/#breadcrumb","itemListElement":[{"@type":"ListItem","position":1,"name":"Home","item":"https:\/\/www.weddinginfrance.fr\/en\/"},{"@type":"ListItem","position":2,"name":"Wedding venue : Ch\u00e2teau de Villette"}]},{"@type":"WebSite","@id":"https:\/\/www.weddinginfrance.fr\/en\/#website","url":"https:\/\/www.weddinginfrance.fr\/en\/","name":"Destination wedding planner in France","description":"Destination wedding planner in France","potentialAction":[{"@type":"SearchAction","target":{"@type":"EntryPoint","urlTemplate":"https:\/\/www.weddinginfrance.fr\/en\/?s={search_term_string}"},"query-input":{"@type":"PropertyValueSpecification","valueRequired":true,"valueName":"search_term_string"}}],"inLanguage":"en-GB"}]}},"_links":{"self":[{"href":"https:\/\/www.weddinginfrance.fr\/en\/wp-json\/wp\/v2\/pages\/6396","targetHints":{"allow":["GET"]}}],"collection":[{"href":"https:\/\/www.weddinginfrance.fr\/en\/wp-json\/wp\/v2\/pages"}],"about":[{"href":"https:\/\/www.weddinginfrance.fr\/en\/wp-json\/wp\/v2\/types\/page"}],"author":[{"embeddable":true,"href":"https:\/\/www.weddinginfrance.fr\/en\/wp-json\/wp\/v2\/users\/2"}],"replies":[{"embeddable":true,"href":"https:\/\/www.weddinginfrance.fr\/en\/wp-json\/wp\/v2\/comments?post=6396"}],"version-history":[{"count":62,"href":"https:\/\/www.weddinginfrance.fr\/en\/wp-json\/wp\/v2\/pages\/6396\/revisions"}],"predecessor-version":[{"id":6474,"href":"https:\/\/www.weddinginfrance.fr\/en\/wp-json\/wp\/v2\/pages\/6396\/revisions\/6474"}],"wp:featuredmedia":[{"embeddable":true,"href":"https:\/\/www.weddinginfrance.fr\/en\/wp-json\/wp\/v2\/media\/4984"}],"wp:attachment":[{"href":"https:\/\/www.weddinginfrance.fr\/en\/wp-json\/wp\/v2\/media?parent=6396"}],"curies":[{"name":"wp","href":"https:\/\/api.w.org\/{rel}","templated":true}]}}