{"id":4840,"date":"2021-02-03T08:45:38","date_gmt":"2021-02-03T08:45:38","guid":{"rendered":"http:\/\/www.weddinginfrance.fr\/en\/?p=4840"},"modified":"2023-06-05T15:28:26","modified_gmt":"2023-06-05T15:28:26","slug":"french-gastronomy-for-your-wedding-in-france","status":"publish","type":"page","link":"https:\/\/www.weddinginfrance.fr\/en\/french-gastronomy-for-your-wedding-in-france\/","title":{"rendered":"French gastronomy for your wedding in france"},"content":{"rendered":"<p>[vc_row][vc_column][vc_column_text]<span style=\"font-family: 'book antiqua', palatino;\">French gastronomy makes your wedding atypical for a wedding in France.<\/span><\/p>\n<p><span style=\"font-family: 'book antiqua', palatino;\"><!--more--><\/span><\/p>\n<p><span style=\"font-family: 'book antiqua', palatino;\">Since the dawn of time, in France, we have been celebrating major events by sitting down at the table to delight the heart, the mind, and the taste buds. It is the same for the <a href=\"https:\/\/www.weddinginfrance.fr\/en\/\">wedding in France<\/a> which is a dream destination wedding. France is known and recognized for its elegance throughout the world. Wedding in France is particularly inspired by traditional French gastronomy to offer you the perfect wedding. Whether it is a wedding in Paris or in another destination wedding.<\/span><\/p>\n<p><span style=\"font-family: 'book antiqua', palatino;\">You have already chosen your destination wedding which is France, your wedding outfits, a classic white wedding dress as well as a traditional three-piece wedding suit. You want your event to follow the customs of the D-day with traditional French gastronomy worthy of the name.<\/span><\/p>\n<p><span style=\"font-family: 'book antiqua', palatino;\">So when you are planning your wedding meal in France, you certainly don&#8217;t want to opt for a banal wedding menu. You are looking for traditional French gastronomy with a focus on the most authentic products.<\/span><\/p>\n<p><span style=\"font-family: 'book antiqua', palatino;\"><a href=\"https:\/\/www.weddinginfrance.fr\/en\/full-services-wedding-planning\/\">The wedding caterer of Wedding in France<\/a> offers you very original menus, you will make a discovery and eat well at the same time.<\/span><\/p>\n<p><span style=\"font-family: 'book antiqua', palatino;\">This is why we will talk to you about atypical traditional dishes purely French. The practice of the meal varies according to the cultures throughout the world. However, it holds a very special place in France. Let&#8217;s take a look at the reasons that make the French gastronomic meal unique.<\/span><\/p>\n<p>&nbsp;<\/p>\n<h2><span style=\"font-family: 'Dancing Script';\"><strong>French gastronomy: a festive meal!<\/strong><\/span><\/h2>\n<p><span style=\"font-family: 'book antiqua', palatino;\">The &#8220;gastronomic meal of the French&#8221; is a social practice handed down from generation to generation. It is common and aims to be eaten with friends or family to mark and celebrate important moments in life. In particular, during a wedding ceremony.<\/span><\/p>\n<p><span style=\"font-family: 'book antiqua', palatino;\">From then on, the French gastronomic meal is this rite where both the culinary riches of French gastronomy and certain cultural customs such as table setting, the order of the dishes, or the art of conversation are displayed. Because it is a social fact, which encourages conviviality and promotes cohesion through the sharing of food and common values. It is this sign of alliance, where the fraternity dear to the French is embodied.<\/span><\/p>\n<p><span style=\"font-family: 'book antiqua', palatino;\">French gastronomy from Napoleon to Queen Elizabeth<\/span>[\/vc_column_text][vc_media_grid grid_id=&#8221;vc_gid:1612345222922-79a37122-418a-6&#8243; include=&#8221;1929,1947,1941,1946,1448,1443&#8243;][\/vc_column][\/vc_row][vc_row][vc_column][vc_column_text]<\/p>\n<h2><strong><span style=\"font-family: 'Dancing Script';\">Napoleon at the table!<\/span><\/strong><\/h2>\n<p>&nbsp;<\/p>\n<h3><strong><span style=\"font-family: 'Dancing Script';\">Chicken Marengo :<\/span><\/strong><\/h3>\n<p><span style=\"font-family: 'book antiqua', palatino;\">Probably the most famous dish attributed to Napoleon. Why not make it again and\/or revisit it for your wedding in Paris. The story goes that the recipe was hastily found by one of his cooks, Dunand, despite the meager provisions he had after Marengo&#8217;s victory over the Austrian troops.<\/span><\/p>\n<p><span style=\"font-family: 'book antiqua', palatino;\">The Emperor&#8217;s aficionados will be able to decorate the dish with crayfish.<\/span><\/p>\n<p>&nbsp;<\/p>\n<h3><strong><span style=\"font-family: 'Dancing Script';\">Chicken fricassee with Champagne wine<\/span><\/strong><\/h3>\n<p><span style=\"font-family: 'book antiqua', palatino;\">One of the specialties of the court cook, Farcy, whom the Emperor particularly appreciated.<\/span><\/p>\n<p><span style=\"font-family: 'book antiqua', palatino;\">Dessert: Rolled waffles with cream filling<\/span><\/p>\n<p><span style=\"font-family: 'book antiqua', palatino;\">One of the emperor&#8217;s favorite desserts, according to the academician Paul Gani\u00e8re in his book* on Napoleon on St Helena.<\/span><\/p>\n<p>&nbsp;<\/p>\n<h2><strong><span style=\"font-family: 'Dancing Script';\">A wedding: the union of Henri IV and Marie de Medici, on December 17th, 1600<\/span><\/strong><\/h2>\n<p><span style=\"font-family: 'book antiqua', palatino;\">Henri IV is known for his culinary tastes that are more rustic than princely. Indeed, he enjoyed unrefined dishes such as cabbage, pheasant game, ratatouille, or sardines. He was fond of potted chicken, a dish that posterity has attributed to him. Nevertheless, his wedding menu was in keeping with the pomp of the time. As tradition dictates, it is organized into four courses.<\/span><\/p>\n<p>&nbsp;<\/p>\n<h3><strong><span style=\"font-family: 'Dancing Script';\">The first French gastronomic service<\/span><\/strong><\/h3>\n<p><span style=\"font-family: 'book antiqua', palatino;\">Juicy fruit, Sweet and savory pastries, P\u00e2t\u00e9s, pies, Offal dishes<\/span><\/p>\n<p>&nbsp;<\/p>\n<h3><strong><span style=\"font-family: 'Dancing Script';\">Second French gastronomy service (that of soups and boiled meats)<\/span><\/strong><\/h3>\n<p><span style=\"font-family: 'book antiqua', palatino;\">Chicory chickens, Stuffed veal breasts, Leg of lamb with chestnuts, Sausages, Andouillettes<\/span><\/p>\n<p>&nbsp;<\/p>\n<h3><strong><span style=\"font-family: 'Dancing Script';\">Third French gastronomic service (that of the &#8220;roast&#8221;, i.e. roasted meat).<\/span><\/strong><\/h3>\n<p><span style=\"font-family: 'book antiqua', palatino;\">Capons, Scarves, Game birds and furry animals, Cold and hot pasta<\/span><\/p>\n<p>&nbsp;<\/p>\n<h2><strong><span style=\"font-family: 'Dancing Script';\">The most sumptuous of feasts: the inauguration of the Suez Canal on November 18, 1869.<\/span><\/strong><\/h2>\n<p><span style=\"font-family: 'book antiqua', palatino;\">To explain a little bit about the context. The Suez Canal has international repercussions. The project is led by a Frenchman, the Viscount de Lesseps. It is largely financed by the Paris Stock Exchange.<\/span><\/p>\n<p><span style=\"font-family: 'book antiqua', palatino;\">As far as French gastronomy is concerned, everything the world knows about the richest, brightest, and most crowned is invited to this inauguration. On 18th November 1869, after a few days of festivities, Isma\u00efl I, Khedive of Egypt, had large tables set up in the town of Isma\u00eflia to give a ball that was to go down in the annals. That evening, Empress Eugenie attracted all eyes, dressed in a cherry satin dress covered with lace. There are 1,500 covers, but some estimate that there are more than double that number.<\/span><\/p>\n<p><span style=\"font-family: 'book antiqua', palatino;\">The meal is very interesting and you can order the same menus for your wedding in France. Like tradition, this ball meal has two parts: a cold buffet and a hot dinner.<\/span><\/p>\n<p>&nbsp;<\/p>\n<h3><strong><span style=\"font-family: 'Dancing Script';\">Large Rooms<\/span><\/strong><\/h3>\n<p><span style=\"font-family: 'book antiqua', palatino;\">Fish at the meeting of the two seas, Roast-Beef English style, Turkey Galantine \u00e0 la P\u00e9rigueux, Historic ham, Large game bread in bastion and Pheasant Galantine at the Voli\u00e8re.<\/span><\/p>\n<p>&nbsp;<\/p>\n<h3><strong><span style=\"font-family: 'Dancing Script';\">Entrance<\/span><\/strong><\/h3>\n<p><span style=\"font-family: 'book antiqua', palatino;\">Game pates \u00e0 la Dorsey, English beef tongues, Aspics de N\u00e9rac, Galantine de cailles en belle vue and Filets \u00e0 l&#8217;Imp\u00e9riale.<\/span><\/p>\n<p>&nbsp;<\/p>\n<h3><strong><span style=\"font-family: 'Dancing Script';\">Salad<\/span><\/strong><\/h3>\n<p><span style=\"font-family: 'book antiqua', palatino;\">Suez prawns with watercress, Truffles in Champagne wine, Russian salad, Italian asparagus in virgin oil<\/span><\/p>\n<p>&nbsp;<\/p>\n<h3><strong><span style=\"font-family: 'Dancing Script';\">Roast<\/span><\/strong><\/h3>\n<p><span style=\"font-family: 'book antiqua', palatino;\">Venison legs, truffled turkeys, pheasants with watercress, chestnuts garnished with quails<\/span>.<\/p>\n<p>&nbsp;<\/p>\n<h3><strong><span style=\"font-family: 'Dancing Script';\">Entremets<\/span><\/strong><\/h3>\n<p><span style=\"font-family: 'book antiqua', palatino;\">Diplomat pineapple pudding, decorated Savoy biscuits, Napolitan history<\/span><\/p>\n<p>&nbsp;<\/p>\n<h2><strong><span style=\"font-family: 'Dancing Script';\">Fran\u00e7ois Mitterrand&#8217;s official trip to China, May 5, 1983<\/span><\/strong><\/h2>\n<p><span style=\"font-family: 'book antiqua', palatino;\">Fran\u00e7ois Mitterrand loved to travel. During the fourteen years of his presidency, he traveled to the four corners of the globe and visited all the future powers, which he had seen grow.<\/span><\/p>\n<p><span style=\"font-family: 'book antiqua', palatino;\">The French president, fascinated by Chinese culture, could not manage to eat with chopsticks, and could not help using a fork. On 5 May, he, in turn, invited Prime Minister Zhao Ziyang to the French embassy to give him a taste of French and French gastronomy.<\/span><\/p>\n<p>&nbsp;<\/p>\n<h3><span style=\"font-family: 'book antiqua', palatino;\">On the menu :<\/span><\/h3>\n<ul>\n<li><span style=\"font-family: 'book antiqua', palatino;\">Lobster navarin with small vegetables<\/span><\/li>\n<li><span style=\"font-family: 'book antiqua', palatino;\">Minced Bresse Poularde de Bresse with truffles<\/span><\/li>\n<li><span style=\"font-family: 'book antiqua', palatino;\">Wild mushroom fricassee<\/span><\/li>\n<li><span style=\"font-family: 'book antiqua', palatino;\">Cheeses from France<\/span><\/li>\n<li><span style=\"font-family: 'book antiqua', palatino;\">Iced hazelnut pie<\/span><\/li>\n<\/ul>\n<p>[\/vc_column_text][\/vc_column][\/vc_row][vc_row][vc_column][vc_column_text]<\/p>\n<p>&nbsp;<\/p>\n<h2><strong><span style=\"font-family: 'Dancing Script';\">French gastronomy adored by the Queen of England<\/span><\/strong><\/h2>\n<p>&nbsp;<\/p>\n<h3><span style=\"font-family: 'Dancing Script';\"><strong>Foie gras<\/strong><\/span><\/h3>\n<p><span style=\"font-family: 'book antiqua', palatino;\">Since you have chosen a traditional French wedding theme, your D-day menu should include several courses starting with a starter. This is an opportunity to serve your guests the classic of the classics of French gastronomy, i.e. foie gras, why not embellished with fig jam or simply coarse salt.<\/span><\/p>\n<p><span style=\"font-family: 'book antiqua', palatino;\">You should know that lobster is also one of the most common options for a traditional starter for a wedding evening. Still, on the seaside, the famous scallops are also ideal to start your meal in the best possible way.<\/span><\/p>\n<p><span style=\"font-family: 'book antiqua', palatino;\">One of Queen Elizabeth&#8217;s favorite dishes is a recipe with potatoes, which is however possible for your wedding in France, in the theme of tradition. Accompanied by wild mushrooms at the table of former president Jacques Chirac.<\/span><\/p>\n<p>&nbsp;<\/p>\n<h3><strong><span style=\"font-family: 'Dancing Script';\">The wines<\/span><\/strong><\/h3>\n<p><span style=\"font-family: 'book antiqua', palatino;\">Queen Elizabeth likes to pair classic food and wine with a sweet white wine. As well as the red wine: Ch\u00e2teau Mouton Rothschild 1988.<\/span><\/p>\n<p><span style=\"font-family: 'book antiqua', palatino;\">To accompany the dishes, it is necessary to have the drinks to go with them. At the time of the starter, provide white wine. The meat will be accompanied by red wine and the dessert will be served with champagne. To be sure to choose the right bottle, don&#8217;t hesitate to ask the advice of connoisseurs. The subject of drinks should also be discussed with the caterer to avoid unpleasant surprises.<\/span><\/p>\n<p><span style=\"font-family: 'book antiqua', palatino;\">As far as tradition is concerned, the trou Normand is still often a popular choice for a wedding in France. It originally consisted of drinking a small glass of calvados, this brandy of Norman origin, in the middle of the meal. This would activate the digestion so that the next dish could be tackled. Today, a very small amount of calvados is served on an apple sorbet.<\/span><\/p>\n<p><span style=\"font-family: 'book antiqua', palatino;\">To complete the menu, don&#8217;t miss out on the cheese platter. The ideal for a wedding in France would be to serve it table by table on a slate or other ceramic or wooden support to keep the taste.<\/span><\/p>\n<p><span style=\"font-family: 'book antiqua', palatino;\">To fully enjoy French gastronomy, a traditional wedding menu would not be complete without onion soup. It is not served at the party, but the next morning or rather in the middle of the night. Guests prepare the onion soup, wake the newlyweds and serve the beverage in a chamber pot. This is a way for the bride and groom to spend a convivial moment with their loved ones.<\/span><\/p>\n<p>&nbsp;<\/p>\n<h2><strong><span style=\"font-family: 'Dancing Script';\">Conclusion<\/span><\/strong><\/h2>\n<p>&nbsp;<\/p>\n<p><span style=\"font-family: 'book antiqua', palatino;\">French gastronomy represents a lot of history and value, which is precisely what makes its charm. That\u2019s why France is a real good destination wedding. If you want to organize your wedding in France and dream of a French menu, the information above might help you. A wedding in France can help and advise you. Our wedding caterers will be able to make you happy.\u00a0 <\/span><\/p>\n<p><span style=\"font-family: 'book antiqua', palatino;\">To have successfull wedding, <a href=\"https:\/\/www.weddinginfrance.fr\/en\/contact-for-wedding-event-in-france\/\">contact us<\/a>:\u00a0 https:\/\/www.weddinginfrance.fr\/en\/\u00a0<\/span>[\/vc_column_text][\/vc_column][\/vc_row][vc_row][vc_column][vc_media_grid grid_id=&#8221;vc_gid:1612345222924-b61dec8c-655e-0&#8243; include=&#8221;4850,4851,4853,4854,4855,4856&#8243;][\/vc_column][\/vc_row]<\/p>\n","protected":false},"excerpt":{"rendered":"<p>[vc_row][vc_column][vc_column_text]French gastronomy makes your wedding atypical for a wedding in France.<\/p>\n","protected":false},"author":2,"featured_media":4551,"parent":0,"menu_order":0,"comment_status":"closed","ping_status":"closed","template":"","meta":{"footnotes":""},"class_list":["post-4840","page","type-page","status-publish","hentry"],"yoast_head":"<!-- This site is optimized with the Yoast SEO plugin v27.5 - https:\/\/yoast.com\/product\/yoast-seo-wordpress\/ -->\n<title>French gastronomy for your wedding in france<\/title>\n<meta name=\"description\" content=\"Opting for French gastronomy makes your wedding atypical. Here are a few stories and traditional French dishes. Wedding in France is for you !\" \/>\n<meta name=\"robots\" content=\"index, follow, max-snippet:-1, max-image-preview:large, max-video-preview:-1\" \/>\n<link rel=\"canonical\" href=\"https:\/\/www.weddinginfrance.fr\/en\/french-gastronomy-for-your-wedding-in-france\/\" \/>\n<meta property=\"og:locale\" content=\"en_GB\" \/>\n<meta property=\"og:type\" content=\"article\" \/>\n<meta property=\"og:title\" content=\"French gastronomy for your wedding in france\" \/>\n<meta property=\"og:description\" content=\"Opting for French gastronomy makes your wedding atypical. Here are a few stories and traditional French dishes. Wedding in France is for you !\" \/>\n<meta property=\"og:url\" content=\"https:\/\/www.weddinginfrance.fr\/en\/french-gastronomy-for-your-wedding-in-france\/\" \/>\n<meta property=\"og:site_name\" content=\"Destination wedding planner in France\" \/>\n<meta property=\"article:modified_time\" content=\"2023-06-05T15:28:26+00:00\" \/>\n<meta property=\"og:image\" content=\"https:\/\/www.weddinginfrance.fr\/en\/wp-content\/uploads\/2020\/11\/destination-wedding-in-france-3.jpg\" \/>\n\t<meta property=\"og:image:width\" content=\"1080\" \/>\n\t<meta property=\"og:image:height\" content=\"1080\" \/>\n\t<meta property=\"og:image:type\" content=\"image\/jpeg\" \/>\n<meta name=\"twitter:card\" content=\"summary_large_image\" \/>\n<meta name=\"twitter:label1\" content=\"Estimated reading time\" \/>\n\t<meta name=\"twitter:data1\" content=\"8 minutes\" \/>\n<script type=\"application\/ld+json\" class=\"yoast-schema-graph\">{\"@context\":\"https:\\\/\\\/schema.org\",\"@graph\":[{\"@type\":\"WebPage\",\"@id\":\"https:\\\/\\\/www.weddinginfrance.fr\\\/en\\\/french-gastronomy-for-your-wedding-in-france\\\/\",\"url\":\"https:\\\/\\\/www.weddinginfrance.fr\\\/en\\\/french-gastronomy-for-your-wedding-in-france\\\/\",\"name\":\"French gastronomy for your wedding in france\",\"isPartOf\":{\"@id\":\"https:\\\/\\\/www.weddinginfrance.fr\\\/en\\\/#website\"},\"primaryImageOfPage\":{\"@id\":\"https:\\\/\\\/www.weddinginfrance.fr\\\/en\\\/french-gastronomy-for-your-wedding-in-france\\\/#primaryimage\"},\"image\":{\"@id\":\"https:\\\/\\\/www.weddinginfrance.fr\\\/en\\\/french-gastronomy-for-your-wedding-in-france\\\/#primaryimage\"},\"thumbnailUrl\":\"https:\\\/\\\/www.weddinginfrance.fr\\\/en\\\/wp-content\\\/uploads\\\/2020\\\/11\\\/destination-wedding-in-france-3.jpg\",\"datePublished\":\"2021-02-03T08:45:38+00:00\",\"dateModified\":\"2023-06-05T15:28:26+00:00\",\"description\":\"Opting for French gastronomy makes your wedding atypical. Here are a few stories and traditional French dishes. Wedding in France is for you !\",\"breadcrumb\":{\"@id\":\"https:\\\/\\\/www.weddinginfrance.fr\\\/en\\\/french-gastronomy-for-your-wedding-in-france\\\/#breadcrumb\"},\"inLanguage\":\"en-GB\",\"potentialAction\":[{\"@type\":\"ReadAction\",\"target\":[\"https:\\\/\\\/www.weddinginfrance.fr\\\/en\\\/french-gastronomy-for-your-wedding-in-france\\\/\"]}]},{\"@type\":\"ImageObject\",\"inLanguage\":\"en-GB\",\"@id\":\"https:\\\/\\\/www.weddinginfrance.fr\\\/en\\\/french-gastronomy-for-your-wedding-in-france\\\/#primaryimage\",\"url\":\"https:\\\/\\\/www.weddinginfrance.fr\\\/en\\\/wp-content\\\/uploads\\\/2020\\\/11\\\/destination-wedding-in-france-3.jpg\",\"contentUrl\":\"https:\\\/\\\/www.weddinginfrance.fr\\\/en\\\/wp-content\\\/uploads\\\/2020\\\/11\\\/destination-wedding-in-france-3.jpg\",\"width\":1080,\"height\":1080,\"caption\":\"visit to Paris\"},{\"@type\":\"BreadcrumbList\",\"@id\":\"https:\\\/\\\/www.weddinginfrance.fr\\\/en\\\/french-gastronomy-for-your-wedding-in-france\\\/#breadcrumb\",\"itemListElement\":[{\"@type\":\"ListItem\",\"position\":1,\"name\":\"Home\",\"item\":\"https:\\\/\\\/www.weddinginfrance.fr\\\/en\\\/\"},{\"@type\":\"ListItem\",\"position\":2,\"name\":\"French gastronomy for your wedding in france\"}]},{\"@type\":\"WebSite\",\"@id\":\"https:\\\/\\\/www.weddinginfrance.fr\\\/en\\\/#website\",\"url\":\"https:\\\/\\\/www.weddinginfrance.fr\\\/en\\\/\",\"name\":\"Destination wedding planner in France\",\"description\":\"Destination wedding planner in France\",\"potentialAction\":[{\"@type\":\"SearchAction\",\"target\":{\"@type\":\"EntryPoint\",\"urlTemplate\":\"https:\\\/\\\/www.weddinginfrance.fr\\\/en\\\/?s={search_term_string}\"},\"query-input\":{\"@type\":\"PropertyValueSpecification\",\"valueRequired\":true,\"valueName\":\"search_term_string\"}}],\"inLanguage\":\"en-GB\"}]}<\/script>\n<!-- \/ Yoast SEO plugin. -->","yoast_head_json":{"title":"French gastronomy for your wedding in france","description":"Opting for French gastronomy makes your wedding atypical. Here are a few stories and traditional French dishes. Wedding in France is for you !","robots":{"index":"index","follow":"follow","max-snippet":"max-snippet:-1","max-image-preview":"max-image-preview:large","max-video-preview":"max-video-preview:-1"},"canonical":"https:\/\/www.weddinginfrance.fr\/en\/french-gastronomy-for-your-wedding-in-france\/","og_locale":"en_GB","og_type":"article","og_title":"French gastronomy for your wedding in france","og_description":"Opting for French gastronomy makes your wedding atypical. Here are a few stories and traditional French dishes. Wedding in France is for you !","og_url":"https:\/\/www.weddinginfrance.fr\/en\/french-gastronomy-for-your-wedding-in-france\/","og_site_name":"Destination wedding planner in France","article_modified_time":"2023-06-05T15:28:26+00:00","og_image":[{"width":1080,"height":1080,"url":"https:\/\/www.weddinginfrance.fr\/en\/wp-content\/uploads\/2020\/11\/destination-wedding-in-france-3.jpg","type":"image\/jpeg"}],"twitter_card":"summary_large_image","twitter_misc":{"Estimated reading time":"8 minutes"},"schema":{"@context":"https:\/\/schema.org","@graph":[{"@type":"WebPage","@id":"https:\/\/www.weddinginfrance.fr\/en\/french-gastronomy-for-your-wedding-in-france\/","url":"https:\/\/www.weddinginfrance.fr\/en\/french-gastronomy-for-your-wedding-in-france\/","name":"French gastronomy for your wedding in france","isPartOf":{"@id":"https:\/\/www.weddinginfrance.fr\/en\/#website"},"primaryImageOfPage":{"@id":"https:\/\/www.weddinginfrance.fr\/en\/french-gastronomy-for-your-wedding-in-france\/#primaryimage"},"image":{"@id":"https:\/\/www.weddinginfrance.fr\/en\/french-gastronomy-for-your-wedding-in-france\/#primaryimage"},"thumbnailUrl":"https:\/\/www.weddinginfrance.fr\/en\/wp-content\/uploads\/2020\/11\/destination-wedding-in-france-3.jpg","datePublished":"2021-02-03T08:45:38+00:00","dateModified":"2023-06-05T15:28:26+00:00","description":"Opting for French gastronomy makes your wedding atypical. Here are a few stories and traditional French dishes. Wedding in France is for you !","breadcrumb":{"@id":"https:\/\/www.weddinginfrance.fr\/en\/french-gastronomy-for-your-wedding-in-france\/#breadcrumb"},"inLanguage":"en-GB","potentialAction":[{"@type":"ReadAction","target":["https:\/\/www.weddinginfrance.fr\/en\/french-gastronomy-for-your-wedding-in-france\/"]}]},{"@type":"ImageObject","inLanguage":"en-GB","@id":"https:\/\/www.weddinginfrance.fr\/en\/french-gastronomy-for-your-wedding-in-france\/#primaryimage","url":"https:\/\/www.weddinginfrance.fr\/en\/wp-content\/uploads\/2020\/11\/destination-wedding-in-france-3.jpg","contentUrl":"https:\/\/www.weddinginfrance.fr\/en\/wp-content\/uploads\/2020\/11\/destination-wedding-in-france-3.jpg","width":1080,"height":1080,"caption":"visit to Paris"},{"@type":"BreadcrumbList","@id":"https:\/\/www.weddinginfrance.fr\/en\/french-gastronomy-for-your-wedding-in-france\/#breadcrumb","itemListElement":[{"@type":"ListItem","position":1,"name":"Home","item":"https:\/\/www.weddinginfrance.fr\/en\/"},{"@type":"ListItem","position":2,"name":"French gastronomy for your wedding in france"}]},{"@type":"WebSite","@id":"https:\/\/www.weddinginfrance.fr\/en\/#website","url":"https:\/\/www.weddinginfrance.fr\/en\/","name":"Destination wedding planner in France","description":"Destination wedding planner in France","potentialAction":[{"@type":"SearchAction","target":{"@type":"EntryPoint","urlTemplate":"https:\/\/www.weddinginfrance.fr\/en\/?s={search_term_string}"},"query-input":{"@type":"PropertyValueSpecification","valueRequired":true,"valueName":"search_term_string"}}],"inLanguage":"en-GB"}]}},"_links":{"self":[{"href":"https:\/\/www.weddinginfrance.fr\/en\/wp-json\/wp\/v2\/pages\/4840","targetHints":{"allow":["GET"]}}],"collection":[{"href":"https:\/\/www.weddinginfrance.fr\/en\/wp-json\/wp\/v2\/pages"}],"about":[{"href":"https:\/\/www.weddinginfrance.fr\/en\/wp-json\/wp\/v2\/types\/page"}],"author":[{"embeddable":true,"href":"https:\/\/www.weddinginfrance.fr\/en\/wp-json\/wp\/v2\/users\/2"}],"replies":[{"embeddable":true,"href":"https:\/\/www.weddinginfrance.fr\/en\/wp-json\/wp\/v2\/comments?post=4840"}],"version-history":[{"count":14,"href":"https:\/\/www.weddinginfrance.fr\/en\/wp-json\/wp\/v2\/pages\/4840\/revisions"}],"predecessor-version":[{"id":4842,"href":"https:\/\/www.weddinginfrance.fr\/en\/wp-json\/wp\/v2\/pages\/4840\/revisions\/4842"}],"wp:featuredmedia":[{"embeddable":true,"href":"https:\/\/www.weddinginfrance.fr\/en\/wp-json\/wp\/v2\/media\/4551"}],"wp:attachment":[{"href":"https:\/\/www.weddinginfrance.fr\/en\/wp-json\/wp\/v2\/media?parent=4840"}],"curies":[{"name":"wp","href":"https:\/\/api.w.org\/{rel}","templated":true}]}}