{"id":3870,"date":"2020-08-05T13:54:04","date_gmt":"2020-08-05T13:54:04","guid":{"rendered":"http:\/\/www.weddinginfrance.fr\/en\/?p=3870"},"modified":"2023-06-06T15:44:16","modified_gmt":"2023-06-06T15:44:16","slug":"winter-wedding-in-paris","status":"publish","type":"page","link":"https:\/\/www.weddinginfrance.fr\/en\/winter-wedding-in-paris\/","title":{"rendered":"Winter Wedding in Paris"},"content":{"rendered":"\t\t<div data-elementor-type=\"wp-post\" data-elementor-id=\"3870\" class=\"elementor elementor-3870\" data-elementor-post-type=\"page\">\n\t\t\t\t\t\t<section class=\"elementor-section elementor-top-section elementor-element elementor-element-9429e62 elementor-section-boxed elementor-section-height-default elementor-section-height-default\" data-id=\"9429e62\" data-element_type=\"section\" data-e-type=\"section\">\n\t\t\t\t\t\t<div class=\"elementor-container elementor-column-gap-default\">\n\t\t\t\t\t<div class=\"elementor-column elementor-col-100 elementor-top-column elementor-element elementor-element-bf6d9fd\" data-id=\"bf6d9fd\" data-element_type=\"column\" data-e-type=\"column\">\n\t\t\t<div class=\"elementor-widget-wrap elementor-element-populated\">\n\t\t\t\t\t\t<div class=\"elementor-element elementor-element-c0df1dd elementor-widget elementor-widget-spacer\" data-id=\"c0df1dd\" data-element_type=\"widget\" data-e-type=\"widget\" data-widget_type=\"spacer.default\">\n\t\t\t\t<div class=\"elementor-widget-container\">\n\t\t\t\t\t\t\t<div class=\"elementor-spacer\">\n\t\t\t<div class=\"elementor-spacer-inner\"><\/div>\n\t\t<\/div>\n\t\t\t\t\t\t<\/div>\n\t\t\t\t<\/div>\n\t\t\t\t\t<\/div>\n\t\t<\/div>\n\t\t\t\t\t<\/div>\n\t\t<\/section>\n\t\t\t\t<section class=\"elementor-section elementor-top-section elementor-element elementor-element-a1e8751 elementor-section-boxed elementor-section-height-default elementor-section-height-default\" data-id=\"a1e8751\" data-element_type=\"section\" data-e-type=\"section\">\n\t\t\t\t\t\t<div class=\"elementor-container elementor-column-gap-default\">\n\t\t\t\t\t<div class=\"elementor-column elementor-col-100 elementor-top-column elementor-element elementor-element-3d283666\" data-id=\"3d283666\" data-element_type=\"column\" data-e-type=\"column\">\n\t\t\t<div class=\"elementor-widget-wrap elementor-element-populated\">\n\t\t\t\t\t\t<div class=\"elementor-element elementor-element-17d50307 elementor-widget elementor-widget-text-editor\" data-id=\"17d50307\" data-element_type=\"widget\" data-e-type=\"widget\" data-widget_type=\"text-editor.default\">\n\t\t\t\t<div class=\"elementor-widget-container\">\n\t\t\t\t\t\t\t\t\t<p style=\"text-align: center;\"><a href=\"https:\/\/www.weddinginfrance.fr\/en\/tips-from-a-wedding-planner-choosing-the-right-destination-for-a-wedding-in-france-according-to-the-seasons\/\"><span style=\"font-size: 18pt; font-family: 'Mrs Saint Delafield';\"><strong>Wedding in France according to the seasons : best destinations<\/strong><\/span><\/a><\/p><p><span style=\"vertical-align: inherit;\"><span style=\"vertical-align: inherit;\">\u00a0<\/span><\/span><span style=\"vertical-align: inherit;\"><span style=\"vertical-align: inherit;\"><span style=\"vertical-align: inherit;\"><span style=\"vertical-align: inherit;\"><span style=\"vertical-align: inherit;\"><span style=\"vertical-align: inherit;\">Un mariage d&#8217;hiver a beaucoup \u00e0 faire. <\/span><\/span><\/span><\/span><\/span><span style=\"vertical-align: inherit;\"><span style=\"vertical-align: inherit;\"><span style=\"vertical-align: inherit;\"><span style=\"vertical-align: inherit;\"><span style=\"vertical-align: inherit;\">Oui, les mariages d&#8217;\u00e9t\u00e9 sont impressionnants, mais il y a quelques inconv\u00e9nients.<\/span><\/span><\/span><\/span><\/span><\/span><\/p><p><\/p><\/div><\/div><\/div><\/div><\/div><\/section><\/div> <a href=\"https:\/\/www.weddinginfrance.fr\/en\/winter-wedding-in-paris\/#more-3870\" class=\"more-link elementor-more-link\"><span aria-label=\"Continue reading Winter Wedding in Paris\">(more&hellip;)<\/span><\/a>","protected":false},"excerpt":{"rendered":"<p>Wedding in France according to the seasons : best destinations \u00a0Un mariage d&#8217;hiver a beaucoup \u00e0 faire. Oui, les mariages d&#8217;\u00e9t\u00e9 sont impressionnants, mais il y a quelques inconv\u00e9nients.<\/p>\n","protected":false},"author":2,"featured_media":3473,"parent":0,"menu_order":0,"comment_status":"closed","ping_status":"open","template":"","meta":{"footnotes":""},"class_list":["post-3870","page","type-page","status-publish","hentry"],"yoast_head":"<!-- This site is optimized with the Yoast SEO plugin v27.5 - https:\/\/yoast.com\/product\/yoast-seo-wordpress\/ -->\n<title>Winter Wedding in Paris Destination wedding in France<\/title>\n<meta name=\"description\" content=\"A winter wedding has a lot going. Get stunning snowy wedding photos, Christmas-themed or new years wedding decorations, and more.\" \/>\n<meta name=\"robots\" content=\"index, follow, max-snippet:-1, max-image-preview:large, max-video-preview:-1\" \/>\n<link rel=\"canonical\" href=\"https:\/\/www.weddinginfrance.fr\/en\/winter-wedding-in-paris\/\" \/>\n<meta property=\"og:locale\" content=\"en_GB\" \/>\n<meta property=\"og:type\" content=\"article\" \/>\n<meta property=\"og:title\" content=\"Winter Wedding in Paris Destination wedding in France\" \/>\n<meta property=\"og:description\" content=\"A winter wedding has a lot going. Get stunning snowy wedding photos, Christmas-themed or new years wedding decorations, and more.\" \/>\n<meta property=\"og:url\" content=\"https:\/\/www.weddinginfrance.fr\/en\/winter-wedding-in-paris\/\" \/>\n<meta property=\"og:site_name\" content=\"Destination wedding planner in France\" \/>\n<meta property=\"article:modified_time\" content=\"2023-06-06T15:44:16+00:00\" \/>\n<meta property=\"og:image\" content=\"https:\/\/www.weddinginfrance.fr\/en\/wp-content\/uploads\/2020\/06\/destination-wedding-in-france-9.jpg\" \/>\n\t<meta property=\"og:image:width\" content=\"1080\" \/>\n\t<meta property=\"og:image:height\" content=\"1080\" \/>\n\t<meta property=\"og:image:type\" content=\"image\/jpeg\" \/>\n<meta name=\"twitter:card\" content=\"summary_large_image\" \/>\n<meta name=\"twitter:label1\" content=\"Estimated reading time\" \/>\n\t<meta name=\"twitter:data1\" content=\"8 minutes\" \/>\n<script type=\"application\/ld+json\" class=\"yoast-schema-graph\">{\"@context\":\"https:\\\/\\\/schema.org\",\"@graph\":[{\"@type\":\"WebPage\",\"@id\":\"https:\\\/\\\/www.weddinginfrance.fr\\\/en\\\/winter-wedding-in-paris\\\/\",\"url\":\"https:\\\/\\\/www.weddinginfrance.fr\\\/en\\\/winter-wedding-in-paris\\\/\",\"name\":\"Winter Wedding in Paris Destination wedding in France\",\"isPartOf\":{\"@id\":\"https:\\\/\\\/www.weddinginfrance.fr\\\/en\\\/#website\"},\"primaryImageOfPage\":{\"@id\":\"https:\\\/\\\/www.weddinginfrance.fr\\\/en\\\/winter-wedding-in-paris\\\/#primaryimage\"},\"image\":{\"@id\":\"https:\\\/\\\/www.weddinginfrance.fr\\\/en\\\/winter-wedding-in-paris\\\/#primaryimage\"},\"thumbnailUrl\":\"https:\\\/\\\/www.weddinginfrance.fr\\\/en\\\/wp-content\\\/uploads\\\/2020\\\/06\\\/destination-wedding-in-france-9.jpg\",\"datePublished\":\"2020-08-05T13:54:04+00:00\",\"dateModified\":\"2023-06-06T15:44:16+00:00\",\"description\":\"A winter wedding has a lot going. Get stunning snowy wedding photos, Christmas-themed or new years wedding decorations, and more.\",\"breadcrumb\":{\"@id\":\"https:\\\/\\\/www.weddinginfrance.fr\\\/en\\\/winter-wedding-in-paris\\\/#breadcrumb\"},\"inLanguage\":\"en-GB\",\"potentialAction\":[{\"@type\":\"ReadAction\",\"target\":[\"https:\\\/\\\/www.weddinginfrance.fr\\\/en\\\/winter-wedding-in-paris\\\/\"]}]},{\"@type\":\"ImageObject\",\"inLanguage\":\"en-GB\",\"@id\":\"https:\\\/\\\/www.weddinginfrance.fr\\\/en\\\/winter-wedding-in-paris\\\/#primaryimage\",\"url\":\"https:\\\/\\\/www.weddinginfrance.fr\\\/en\\\/wp-content\\\/uploads\\\/2020\\\/06\\\/destination-wedding-in-france-9.jpg\",\"contentUrl\":\"https:\\\/\\\/www.weddinginfrance.fr\\\/en\\\/wp-content\\\/uploads\\\/2020\\\/06\\\/destination-wedding-in-france-9.jpg\",\"width\":1080,\"height\":1080},{\"@type\":\"BreadcrumbList\",\"@id\":\"https:\\\/\\\/www.weddinginfrance.fr\\\/en\\\/winter-wedding-in-paris\\\/#breadcrumb\",\"itemListElement\":[{\"@type\":\"ListItem\",\"position\":1,\"name\":\"Home\",\"item\":\"https:\\\/\\\/www.weddinginfrance.fr\\\/en\\\/\"},{\"@type\":\"ListItem\",\"position\":2,\"name\":\"Winter Wedding in Paris\"}]},{\"@type\":\"WebSite\",\"@id\":\"https:\\\/\\\/www.weddinginfrance.fr\\\/en\\\/#website\",\"url\":\"https:\\\/\\\/www.weddinginfrance.fr\\\/en\\\/\",\"name\":\"Destination wedding planner in France\",\"description\":\"Destination wedding planner in France\",\"potentialAction\":[{\"@type\":\"SearchAction\",\"target\":{\"@type\":\"EntryPoint\",\"urlTemplate\":\"https:\\\/\\\/www.weddinginfrance.fr\\\/en\\\/?s={search_term_string}\"},\"query-input\":{\"@type\":\"PropertyValueSpecification\",\"valueRequired\":true,\"valueName\":\"search_term_string\"}}],\"inLanguage\":\"en-GB\"}]}<\/script>\n<!-- \/ Yoast SEO plugin. -->","yoast_head_json":{"title":"Winter Wedding in Paris Destination wedding in France","description":"A winter wedding has a lot going. Get stunning snowy wedding photos, Christmas-themed or new years wedding decorations, and more.","robots":{"index":"index","follow":"follow","max-snippet":"max-snippet:-1","max-image-preview":"max-image-preview:large","max-video-preview":"max-video-preview:-1"},"canonical":"https:\/\/www.weddinginfrance.fr\/en\/winter-wedding-in-paris\/","og_locale":"en_GB","og_type":"article","og_title":"Winter Wedding in Paris Destination wedding in France","og_description":"A winter wedding has a lot going. Get stunning snowy wedding photos, Christmas-themed or new years wedding decorations, and more.","og_url":"https:\/\/www.weddinginfrance.fr\/en\/winter-wedding-in-paris\/","og_site_name":"Destination wedding planner in France","article_modified_time":"2023-06-06T15:44:16+00:00","og_image":[{"width":1080,"height":1080,"url":"https:\/\/www.weddinginfrance.fr\/en\/wp-content\/uploads\/2020\/06\/destination-wedding-in-france-9.jpg","type":"image\/jpeg"}],"twitter_card":"summary_large_image","twitter_misc":{"Estimated reading time":"8 minutes"},"schema":{"@context":"https:\/\/schema.org","@graph":[{"@type":"WebPage","@id":"https:\/\/www.weddinginfrance.fr\/en\/winter-wedding-in-paris\/","url":"https:\/\/www.weddinginfrance.fr\/en\/winter-wedding-in-paris\/","name":"Winter Wedding in Paris Destination wedding in France","isPartOf":{"@id":"https:\/\/www.weddinginfrance.fr\/en\/#website"},"primaryImageOfPage":{"@id":"https:\/\/www.weddinginfrance.fr\/en\/winter-wedding-in-paris\/#primaryimage"},"image":{"@id":"https:\/\/www.weddinginfrance.fr\/en\/winter-wedding-in-paris\/#primaryimage"},"thumbnailUrl":"https:\/\/www.weddinginfrance.fr\/en\/wp-content\/uploads\/2020\/06\/destination-wedding-in-france-9.jpg","datePublished":"2020-08-05T13:54:04+00:00","dateModified":"2023-06-06T15:44:16+00:00","description":"A winter wedding has a lot going. Get stunning snowy wedding photos, Christmas-themed or new years wedding decorations, and more.","breadcrumb":{"@id":"https:\/\/www.weddinginfrance.fr\/en\/winter-wedding-in-paris\/#breadcrumb"},"inLanguage":"en-GB","potentialAction":[{"@type":"ReadAction","target":["https:\/\/www.weddinginfrance.fr\/en\/winter-wedding-in-paris\/"]}]},{"@type":"ImageObject","inLanguage":"en-GB","@id":"https:\/\/www.weddinginfrance.fr\/en\/winter-wedding-in-paris\/#primaryimage","url":"https:\/\/www.weddinginfrance.fr\/en\/wp-content\/uploads\/2020\/06\/destination-wedding-in-france-9.jpg","contentUrl":"https:\/\/www.weddinginfrance.fr\/en\/wp-content\/uploads\/2020\/06\/destination-wedding-in-france-9.jpg","width":1080,"height":1080},{"@type":"BreadcrumbList","@id":"https:\/\/www.weddinginfrance.fr\/en\/winter-wedding-in-paris\/#breadcrumb","itemListElement":[{"@type":"ListItem","position":1,"name":"Home","item":"https:\/\/www.weddinginfrance.fr\/en\/"},{"@type":"ListItem","position":2,"name":"Winter Wedding in Paris"}]},{"@type":"WebSite","@id":"https:\/\/www.weddinginfrance.fr\/en\/#website","url":"https:\/\/www.weddinginfrance.fr\/en\/","name":"Destination wedding planner in France","description":"Destination wedding planner in France","potentialAction":[{"@type":"SearchAction","target":{"@type":"EntryPoint","urlTemplate":"https:\/\/www.weddinginfrance.fr\/en\/?s={search_term_string}"},"query-input":{"@type":"PropertyValueSpecification","valueRequired":true,"valueName":"search_term_string"}}],"inLanguage":"en-GB"}]}},"_links":{"self":[{"href":"https:\/\/www.weddinginfrance.fr\/en\/wp-json\/wp\/v2\/pages\/3870","targetHints":{"allow":["GET"]}}],"collection":[{"href":"https:\/\/www.weddinginfrance.fr\/en\/wp-json\/wp\/v2\/pages"}],"about":[{"href":"https:\/\/www.weddinginfrance.fr\/en\/wp-json\/wp\/v2\/types\/page"}],"author":[{"embeddable":true,"href":"https:\/\/www.weddinginfrance.fr\/en\/wp-json\/wp\/v2\/users\/2"}],"replies":[{"embeddable":true,"href":"https:\/\/www.weddinginfrance.fr\/en\/wp-json\/wp\/v2\/comments?post=3870"}],"version-history":[{"count":24,"href":"https:\/\/www.weddinginfrance.fr\/en\/wp-json\/wp\/v2\/pages\/3870\/revisions"}],"predecessor-version":[{"id":8521,"href":"https:\/\/www.weddinginfrance.fr\/en\/wp-json\/wp\/v2\/pages\/3870\/revisions\/8521"}],"wp:featuredmedia":[{"embeddable":true,"href":"https:\/\/www.weddinginfrance.fr\/en\/wp-json\/wp\/v2\/media\/3473"}],"wp:attachment":[{"href":"https:\/\/www.weddinginfrance.fr\/en\/wp-json\/wp\/v2\/media?parent=3870"}],"curies":[{"name":"wp","href":"https:\/\/api.w.org\/{rel}","templated":true}]}}