{"id":3250,"date":"2020-06-03T17:40:23","date_gmt":"2020-06-03T17:40:23","guid":{"rendered":"http:\/\/www.weddinginfrance.fr\/en\/?p=3250"},"modified":"2023-06-08T07:19:29","modified_gmt":"2023-06-08T07:19:29","slug":"paris-luxury-hotels-weddings-venues-2","status":"publish","type":"page","link":"https:\/\/www.weddinginfrance.fr\/en\/paris-luxury-hotels-weddings-venues-2\/","title":{"rendered":"Paris Luxury Hotels Weddings Venues &#8211; Part 1"},"content":{"rendered":"\r\n<p><a href=\"https:\/\/www.weddinginfrance.fr\/en\/wedding-venues-in-france\/\">France weddings venues <\/a><\/p>\r\n\r\n\r\n\r\n<p>The ultimate <em>luxe \u00e0 la fran\u00e7aise<\/em> for the most special day of your life! Here are the bests Parisian hotels to celebrate love!<\/p>\r\n\r\n\r\n\r\n<div class=\"wp-block-spacer\" style=\"height: 100px;\" aria-hidden=\"true\">\u00a0<\/div>\r\n<p><!--more--><\/p>\r\n\r\n\r\n\r\n<h2 class=\"wp-block-heading\">H\u00f4tel Le Marois Frances-Am\u00e9riques<\/h2>\r\n\r\n\r\n\r\n<p>How could you not feel in love with the beauty of the room\u2019s historical decors?\u00a0From the XVIII century gilding and old chandeliers to the typical\u00a0Haussmann\u00a0architecture; everything is richly\u00a0decorated in those rooms.\u00a0But the showstopper of this\u00a0venue\u00a0is\u00a0the\u00a0view\u00a0over the\u00a0Palais\u00a0des\u00a0d\u00e9couvertes.\u00a0<\/p>\r\n\r\n\r\n\r\n<div class=\"wp-block-spacer\" style=\"height: 100px;\" aria-hidden=\"true\">\u00a0<\/div>\r\n\r\n\r\n\r\n<p>Morning<\/p>\r\n\r\n\r\n\r\n<p>You can spend the morning with your bridesmaids or grooms maids preparing yourselves, talking, laughing drinking champagne and finally having lunch. The best suite to rent for this moment is the one with the view over the Eiffel Tower and the roofs of Paris in order to make a beautiful photoshoot.<\/p>\r\n\r\n\r\n\r\n<p>Ceremony<\/p>\r\n\r\n\r\n\r\n<p>For its\u00a0part, the\u00a0ceremony can\u00a0take place\u00a0in the Paris\u00a0American Cathedral.\u00a0This XIX century church\u00a0is\u00a0majestic thanks to it\u00a0beautiful\u00a0columns and it is located one kilometer away from Le Marois.\u00a0Otherwise, you can say yes to each other in front of the historical staircases in Le Marois. This venue has a lot of elegance and the wedding dresses looks stunning in the stairs for the wedding pictures!<\/p>\r\n\r\n\r\n\r\n<p>Reception<\/p>\r\n\r\n\r\n\r\n<p>Concerning\u00a0the cocktail venue;\u00a0the\u00a0hotel\u2019s wooded terrace\u00a0is\u00a0a\u00a0perfect\u00a0choice to\u00a0enjoy\u00a0the outside.\u00a0Then for the dinner you can choose the white and gold room which is very elegant and chic or the one with the red accents to focus on the color of love. In Le Marais you can party without noise restrictions or schedule constraints; it is a very rare advantage for an hotel in the heart of Paris.<\/p>\r\n\r\n\r\n\r\n<p>French gastronomy menu<\/p>\r\n\r\n\r\n\r\n<p>The chef Butard Enescot will proses you a tailor-maid menu in his own style: an elegant, refined, and modern cuisine. \u00a0<\/p>\r\n\r\n\r\n\r\n<p><br \/>Following days<\/p>\r\n\r\n\r\n\r\n<p>Le Marois is near to the Champs Elys\u00e9es; it the the perfect location if you want to enjoy Paris a little longer and do a little bit of shopping in the luxury Parisian fashion shops. This way you will have new outfits that remembers you this special day.<\/p>\r\n\r\n\r\n\r\n<div class=\"wp-block-image\">\r\n<figure class=\"aligncenter size-large\"><img fetchpriority=\"high\" decoding=\"async\" width=\"684\" height=\"1024\" class=\"wp-image-1351\" src=\"https:\/\/www.weddinginfrance.fr\/en\/wp-content\/uploads\/2020\/03\/Chic-and-refined-destination-wedding-in-Paris-127-684x1024-1.jpg\" alt=\"\" srcset=\"https:\/\/www.weddinginfrance.fr\/en\/wp-content\/uploads\/2020\/03\/Chic-and-refined-destination-wedding-in-Paris-127-684x1024-1.jpg 684w, https:\/\/www.weddinginfrance.fr\/en\/wp-content\/uploads\/2020\/03\/Chic-and-refined-destination-wedding-in-Paris-127-684x1024-1-200x300.jpg 200w, https:\/\/www.weddinginfrance.fr\/en\/wp-content\/uploads\/2020\/03\/Chic-and-refined-destination-wedding-in-Paris-127-684x1024-1-600x898.jpg 600w\" sizes=\"(max-width: 684px) 100vw, 684px\" \/><\/figure>\r\n<\/div>\r\n\r\n\r\n\r\n<p><strong><a href=\"https:\/\/www.weddinginfrance.fr\/en\/projects\/destination-wedding-in-paris-karina-nicolas\/\">See the Portfolio of Karina and Nicolas wedding that we organized at Le Marois<\/a><\/strong><\/p>\r\n\r\n\r\n\r\n<div class=\"wp-block-spacer\" style=\"height: 100px;\" aria-hidden=\"true\">\u00a0<\/div>\r\n\r\n\r\n\r\n<p>&nbsp;<\/p>\r\n\r\n\r\n\r\n<p>&nbsp;<\/p>\r\n\r\n\r\n\r\n<p>&nbsp;<\/p>\r\n\r\n\r\n\r\n<p>&nbsp;<\/p>\r\n\r\n\r\n\r\n<p>&nbsp;<\/p>\r\n\r\n\r\n\r\n<p>&nbsp;<\/p>\r\n\r\n\r\n\r\n<p>&nbsp;<\/p>\r\n\r\n\r\n\r\n<h2 class=\"wp-block-heading\">H\u00f4tel Plaza Ath\u00e9n\u00e9e<\/h2>\r\n\r\n\r\n\r\n<p>Located in Avenue Montaigne: famous Parisian luxe and fashion street, this hotel represents the French chic with his decoration art deco and classical.<\/p>\r\n\r\n\r\n\r\n<p>This place is all about a perfect mix between history and modernity. If your wedding takes place in summer, you will have the luck to enjoy the beautiful garden in the courtyard. Furthermore, in winter they set up an ice rink; it is rare to benefit a beautiful wedding photoshoot decor as this one in this season!<\/p>\r\n\r\n\r\n\r\n<div class=\"wp-block-spacer\" style=\"height: 100px;\" aria-hidden=\"true\">\u00a0<\/div>\r\n\r\n\r\n\r\n<p>&nbsp;<\/p>\r\n\r\n\r\n\r\n<p>Days before<\/p>\r\n\r\n\r\n\r\n<p>If you want to organize your bachelorette party a few days before the wedding, the Plaza Athena bar is a great idea. Its unique modern decor makes it stunning.<\/p>\r\n\r\n\r\n\r\n<p>You can take a moment in the SPA Dior Institute to relax before the d day. The body care proposed in there were created especially for this palace.<\/p>\r\n\r\n\r\n\r\n<p>Morning<\/p>\r\n\r\n\r\n\r\n<p>We advise you to choose a suite Eiffel for your preparation with your bridesmaids. Those suites have a beautiful view over the Eiffel Tower and its perfect for a boudoir photoshoot. You can have lunch together in the terrace.<\/p>\r\n\r\n\r\n\r\n<p>Ceremony<\/p>\r\n\r\n\r\n\r\n<p>For a laic ceremony you can rent one of the receptions rooms. Their pretty shadows of pink and white fits well a wedding venue especially since the hotel\u2019s team can transform them according to your wishes.<\/p>\r\n\r\n\r\n\r\n<p>Reception<\/p>\r\n\r\n\r\n\r\n<p>You can begin the celebrations in the inner courtyard garden for the cocktail. Its luxuriant vegetation and famous red parasols gives to this place a very festive and joyful look. If it is too cold, one of the reception rooms will serve as a replacement. \u00a0<\/p>\r\n\r\n\r\n\r\n<p>French Gastronomy menu<\/p>\r\n\r\n\r\n\r\n<p>This hotel has five restaurants and one bar. One of the restaurants is handled by the famous three stars Michelin chef Alain Ducasse. In a crystal chandeliers decor, his cuisine sublimes the naturals and healthy products. The cooks can prepare a tailor-made menu for you. \u00a0<\/p>\r\n\r\n\r\n\r\n<p>For your wedding desserts and for the next day\u2019s breakfast, the French pastries of Christophe Michalak, world champion of pastry, will fill you with happiness!<\/p>\r\n\r\n\r\n\r\n<p>Following days<\/p>\r\n\r\n\r\n\r\n<p>A wedding is often a rare moment to enjoy your family especially when you loved ones lives away from each other\u2019s. So why not staying a few days more after the wedding together to visit Paris? You could do some shopping, visit on of the numerous museums, invite your parents and in-laws parents to eat and have a tasting in the Plaza Athen\u00e9e wine cellar.<\/p>\r\n\r\n\r\n\r\n<figure class=\"wp-block-gallery aligncenter columns-1 is-cropped wp-block-gallery-1 is-layout-flex wp-block-gallery-is-layout-flex\">\r\n<ul class=\"blocks-gallery-grid\">\r\n<li class=\"blocks-gallery-item\">\r\n<figure><img decoding=\"async\" width=\"904\" height=\"904\" class=\"wp-image-3251\" src=\"https:\/\/www.weddinginfrance.fr\/en\/wp-content\/uploads\/2020\/06\/france-dream-weddding.jpg\" alt=\"\" data-id=\"3251\" data-full-url=\"https:\/\/www.weddinginfrance.fr\/en\/wp-content\/uploads\/2020\/06\/france-dream-weddding.jpg\" data-link=\"https:\/\/www.weddinginfrance.fr\/en\/?attachment_id=3251\" srcset=\"https:\/\/www.weddinginfrance.fr\/en\/wp-content\/uploads\/2020\/06\/france-dream-weddding.jpg 904w, https:\/\/www.weddinginfrance.fr\/en\/wp-content\/uploads\/2020\/06\/france-dream-weddding-300x300.jpg 300w, https:\/\/www.weddinginfrance.fr\/en\/wp-content\/uploads\/2020\/06\/france-dream-weddding-150x150.jpg 150w, https:\/\/www.weddinginfrance.fr\/en\/wp-content\/uploads\/2020\/06\/france-dream-weddding-768x768.jpg 768w, https:\/\/www.weddinginfrance.fr\/en\/wp-content\/uploads\/2020\/06\/france-dream-weddding-720x720.jpg 720w, https:\/\/www.weddinginfrance.fr\/en\/wp-content\/uploads\/2020\/06\/france-dream-weddding-600x600.jpg 600w, https:\/\/www.weddinginfrance.fr\/en\/wp-content\/uploads\/2020\/06\/france-dream-weddding-100x100.jpg 100w\" sizes=\"(max-width: 904px) 100vw, 904px\" \/><\/figure>\r\n<\/li>\r\n<\/ul>\r\n<\/figure>\r\n\r\n\r\n\r\n<div class=\"wp-block-spacer\" style=\"height: 100px;\" aria-hidden=\"true\">\u00a0<\/div>\r\n\r\n\r\n\r\n<h2 class=\"wp-block-heading\">Le Bristol<\/h2>\r\n\r\n\r\n\r\n<p>Decor style Versailles, marble floors, colorful flowers\u2026 No wonder that this hotel is the place to be during Paris Fashion Week! This is all you can do if you organize your wedding in this historical and legendary place.<\/p>\r\n\r\n\r\n\r\n<div class=\"wp-block-spacer\" style=\"height: 100px;\" aria-hidden=\"true\">\u00a0<\/div>\r\n\r\n\r\n\r\n<p>&nbsp;<\/p>\r\n\r\n\r\n\r\n<p>Morning<\/p>\r\n\r\n\r\n\r\n<p>The hotel SPA proposes to take care of the fianc\u00e9s with body cares, relaxation, and hairstyle. \u00a0<\/p>\r\n\r\n\r\n\r\n<p>Ceremony<\/p>\r\n\r\n\r\n\r\n<p>The luxurious interior garden is perfect for a wedding ceremony in a green setting or if you prefer there is a great white room in Le Bristol that perfectly fits any laic ceremony and any decorations choices. \u00a0<\/p>\r\n\r\n\r\n\r\n<p>Reception<\/p>\r\n\r\n\r\n\r\n<p>The receptions rooms are also tunable as you wish, from a pastel and chic venue to a richly decorated reception.<\/p>\r\n\r\n\r\n\r\n<p>French Gastronomy menu<\/p>\r\n\r\n\r\n\r\n<p>Eric Frechon, four stars Michelin chef, will prepare you the best dishes accompanied by homemade French breads and chocolates. \u00a0<\/p>\r\n\r\n\r\n\r\n<p>Following days<\/p>\r\n\r\n\r\n\r\n<p>Le Bristol is a very attractive hotel for families with kids. They love the pool on the top floor, overlooking the Eiffel Tower, Montmartre, and the Sacr\u00e9-Coeur. If you stay a few days after your wedding to spend more time with your family and your nieces and nephews for example, Le Bristol can organize you a private tour of the royal stables of the chateau de Versailles. The perfect way to end up your wedding holidays in a magical place!<\/p>\r\n\r\n\r\n\r\n<div class=\"wp-block-image\">\r\n<figure class=\"aligncenter size-large\"><img decoding=\"async\" width=\"800\" height=\"550\" class=\"wp-image-3253\" src=\"https:\/\/www.weddinginfrance.fr\/en\/wp-content\/uploads\/2020\/06\/france-paris-wedding-venue.jpg\" alt=\"\" srcset=\"https:\/\/www.weddinginfrance.fr\/en\/wp-content\/uploads\/2020\/06\/france-paris-wedding-venue.jpg 800w, https:\/\/www.weddinginfrance.fr\/en\/wp-content\/uploads\/2020\/06\/france-paris-wedding-venue-300x206.jpg 300w, https:\/\/www.weddinginfrance.fr\/en\/wp-content\/uploads\/2020\/06\/france-paris-wedding-venue-768x528.jpg 768w, https:\/\/www.weddinginfrance.fr\/en\/wp-content\/uploads\/2020\/06\/france-paris-wedding-venue-600x413.jpg 600w\" sizes=\"(max-width: 800px) 100vw, 800px\" \/><\/figure>\r\n<\/div>\r\n\r\n\r\n\r\n<p><a href=\"https:\/\/www.weddinginfrance.fr\/en\/paris-luxury-hotels-weddings-venues-part-2\/\">Paris Luxury Weddings Venues &#8211; Part 2 <\/a><\/p>\r\n\r\n\r\n\r\n<p><a href=\"https:\/\/www.weddinginfrance.fr\/en\/paris-luxury-hotels-wedding-venues-part-3\/\">Paris Luxury Wedding Venues &#8211; Part 3<\/a><\/p>\r\n","protected":false},"excerpt":{"rendered":"<p>France weddings venues The ultimate luxe \u00e0 la fran\u00e7aise for the most special day of your life! Here are the bests Parisian hotels to celebrate love!<\/p>\n","protected":false},"author":2,"featured_media":2590,"parent":0,"menu_order":0,"comment_status":"closed","ping_status":"open","template":"","meta":{"footnotes":""},"class_list":["post-3250","page","type-page","status-publish","hentry"],"yoast_head":"<!-- This site is optimized with the Yoast SEO plugin v27.5 - https:\/\/yoast.com\/product\/yoast-seo-wordpress\/ -->\n<title>Paris Luxury Hotels Weddings Venues - Part 1<\/title>\n<meta name=\"description\" content=\"From the XVIII century gilding to the typical\u00a0Haussmann\u00a0architecture, the showstopper of this\u00a0venue\u00a0is\u00a0the\u00a0view\u00a0over the\u00a0Little Palais.\" \/>\n<meta name=\"robots\" content=\"index, follow, max-snippet:-1, max-image-preview:large, max-video-preview:-1\" \/>\n<link rel=\"canonical\" href=\"https:\/\/www.weddinginfrance.fr\/en\/paris-luxury-hotels-weddings-venues-2\/\" \/>\n<meta property=\"og:locale\" content=\"en_GB\" \/>\n<meta property=\"og:type\" content=\"article\" \/>\n<meta property=\"og:title\" content=\"Paris Luxury Hotels Weddings Venues - Part 1\" \/>\n<meta property=\"og:description\" content=\"From the XVIII century gilding to the typical\u00a0Haussmann\u00a0architecture, the showstopper of this\u00a0venue\u00a0is\u00a0the\u00a0view\u00a0over the\u00a0Little Palais.\" \/>\n<meta property=\"og:url\" content=\"https:\/\/www.weddinginfrance.fr\/en\/paris-luxury-hotels-weddings-venues-2\/\" \/>\n<meta property=\"og:site_name\" content=\"Destination wedding planner in France\" \/>\n<meta property=\"article:modified_time\" content=\"2023-06-08T07:19:29+00:00\" \/>\n<meta property=\"og:image\" content=\"https:\/\/www.weddinginfrance.fr\/en\/wp-content\/uploads\/2020\/05\/destination-wedding-in-france-6.jpg\" \/>\n\t<meta property=\"og:image:width\" content=\"640\" \/>\n\t<meta property=\"og:image:height\" content=\"640\" \/>\n\t<meta property=\"og:image:type\" content=\"image\/jpeg\" \/>\n<meta name=\"twitter:card\" content=\"summary_large_image\" \/>\n<meta name=\"twitter:label1\" content=\"Estimated reading time\" \/>\n\t<meta name=\"twitter:data1\" content=\"5 minutes\" \/>\n<script type=\"application\/ld+json\" class=\"yoast-schema-graph\">{\"@context\":\"https:\\\/\\\/schema.org\",\"@graph\":[{\"@type\":\"WebPage\",\"@id\":\"https:\\\/\\\/www.weddinginfrance.fr\\\/en\\\/paris-luxury-hotels-weddings-venues-2\\\/\",\"url\":\"https:\\\/\\\/www.weddinginfrance.fr\\\/en\\\/paris-luxury-hotels-weddings-venues-2\\\/\",\"name\":\"Paris Luxury Hotels Weddings Venues - Part 1\",\"isPartOf\":{\"@id\":\"https:\\\/\\\/www.weddinginfrance.fr\\\/en\\\/#website\"},\"primaryImageOfPage\":{\"@id\":\"https:\\\/\\\/www.weddinginfrance.fr\\\/en\\\/paris-luxury-hotels-weddings-venues-2\\\/#primaryimage\"},\"image\":{\"@id\":\"https:\\\/\\\/www.weddinginfrance.fr\\\/en\\\/paris-luxury-hotels-weddings-venues-2\\\/#primaryimage\"},\"thumbnailUrl\":\"https:\\\/\\\/www.weddinginfrance.fr\\\/en\\\/wp-content\\\/uploads\\\/2020\\\/05\\\/destination-wedding-in-france-6.jpg\",\"datePublished\":\"2020-06-03T17:40:23+00:00\",\"dateModified\":\"2023-06-08T07:19:29+00:00\",\"description\":\"From the XVIII century gilding to the typical\u00a0Haussmann\u00a0architecture, the showstopper of this\u00a0venue\u00a0is\u00a0the\u00a0view\u00a0over the\u00a0Little Palais.\",\"breadcrumb\":{\"@id\":\"https:\\\/\\\/www.weddinginfrance.fr\\\/en\\\/paris-luxury-hotels-weddings-venues-2\\\/#breadcrumb\"},\"inLanguage\":\"en-GB\",\"potentialAction\":[{\"@type\":\"ReadAction\",\"target\":[\"https:\\\/\\\/www.weddinginfrance.fr\\\/en\\\/paris-luxury-hotels-weddings-venues-2\\\/\"]}]},{\"@type\":\"ImageObject\",\"inLanguage\":\"en-GB\",\"@id\":\"https:\\\/\\\/www.weddinginfrance.fr\\\/en\\\/paris-luxury-hotels-weddings-venues-2\\\/#primaryimage\",\"url\":\"https:\\\/\\\/www.weddinginfrance.fr\\\/en\\\/wp-content\\\/uploads\\\/2020\\\/05\\\/destination-wedding-in-france-6.jpg\",\"contentUrl\":\"https:\\\/\\\/www.weddinginfrance.fr\\\/en\\\/wp-content\\\/uploads\\\/2020\\\/05\\\/destination-wedding-in-france-6.jpg\",\"width\":640,\"height\":640},{\"@type\":\"BreadcrumbList\",\"@id\":\"https:\\\/\\\/www.weddinginfrance.fr\\\/en\\\/paris-luxury-hotels-weddings-venues-2\\\/#breadcrumb\",\"itemListElement\":[{\"@type\":\"ListItem\",\"position\":1,\"name\":\"Home\",\"item\":\"https:\\\/\\\/www.weddinginfrance.fr\\\/en\\\/\"},{\"@type\":\"ListItem\",\"position\":2,\"name\":\"Paris Luxury Hotels Weddings Venues &#8211; Part 1\"}]},{\"@type\":\"WebSite\",\"@id\":\"https:\\\/\\\/www.weddinginfrance.fr\\\/en\\\/#website\",\"url\":\"https:\\\/\\\/www.weddinginfrance.fr\\\/en\\\/\",\"name\":\"Destination wedding planner in France\",\"description\":\"Destination wedding planner in France\",\"potentialAction\":[{\"@type\":\"SearchAction\",\"target\":{\"@type\":\"EntryPoint\",\"urlTemplate\":\"https:\\\/\\\/www.weddinginfrance.fr\\\/en\\\/?s={search_term_string}\"},\"query-input\":{\"@type\":\"PropertyValueSpecification\",\"valueRequired\":true,\"valueName\":\"search_term_string\"}}],\"inLanguage\":\"en-GB\"}]}<\/script>\n<!-- \/ Yoast SEO plugin. -->","yoast_head_json":{"title":"Paris Luxury Hotels Weddings Venues - Part 1","description":"From the XVIII century gilding to the typical\u00a0Haussmann\u00a0architecture, the showstopper of this\u00a0venue\u00a0is\u00a0the\u00a0view\u00a0over the\u00a0Little Palais.","robots":{"index":"index","follow":"follow","max-snippet":"max-snippet:-1","max-image-preview":"max-image-preview:large","max-video-preview":"max-video-preview:-1"},"canonical":"https:\/\/www.weddinginfrance.fr\/en\/paris-luxury-hotels-weddings-venues-2\/","og_locale":"en_GB","og_type":"article","og_title":"Paris Luxury Hotels Weddings Venues - Part 1","og_description":"From the XVIII century gilding to the typical\u00a0Haussmann\u00a0architecture, the showstopper of this\u00a0venue\u00a0is\u00a0the\u00a0view\u00a0over the\u00a0Little Palais.","og_url":"https:\/\/www.weddinginfrance.fr\/en\/paris-luxury-hotels-weddings-venues-2\/","og_site_name":"Destination wedding planner in France","article_modified_time":"2023-06-08T07:19:29+00:00","og_image":[{"width":640,"height":640,"url":"https:\/\/www.weddinginfrance.fr\/en\/wp-content\/uploads\/2020\/05\/destination-wedding-in-france-6.jpg","type":"image\/jpeg"}],"twitter_card":"summary_large_image","twitter_misc":{"Estimated reading time":"5 minutes"},"schema":{"@context":"https:\/\/schema.org","@graph":[{"@type":"WebPage","@id":"https:\/\/www.weddinginfrance.fr\/en\/paris-luxury-hotels-weddings-venues-2\/","url":"https:\/\/www.weddinginfrance.fr\/en\/paris-luxury-hotels-weddings-venues-2\/","name":"Paris Luxury Hotels Weddings Venues - Part 1","isPartOf":{"@id":"https:\/\/www.weddinginfrance.fr\/en\/#website"},"primaryImageOfPage":{"@id":"https:\/\/www.weddinginfrance.fr\/en\/paris-luxury-hotels-weddings-venues-2\/#primaryimage"},"image":{"@id":"https:\/\/www.weddinginfrance.fr\/en\/paris-luxury-hotels-weddings-venues-2\/#primaryimage"},"thumbnailUrl":"https:\/\/www.weddinginfrance.fr\/en\/wp-content\/uploads\/2020\/05\/destination-wedding-in-france-6.jpg","datePublished":"2020-06-03T17:40:23+00:00","dateModified":"2023-06-08T07:19:29+00:00","description":"From the XVIII century gilding to the typical\u00a0Haussmann\u00a0architecture, the showstopper of this\u00a0venue\u00a0is\u00a0the\u00a0view\u00a0over the\u00a0Little Palais.","breadcrumb":{"@id":"https:\/\/www.weddinginfrance.fr\/en\/paris-luxury-hotels-weddings-venues-2\/#breadcrumb"},"inLanguage":"en-GB","potentialAction":[{"@type":"ReadAction","target":["https:\/\/www.weddinginfrance.fr\/en\/paris-luxury-hotels-weddings-venues-2\/"]}]},{"@type":"ImageObject","inLanguage":"en-GB","@id":"https:\/\/www.weddinginfrance.fr\/en\/paris-luxury-hotels-weddings-venues-2\/#primaryimage","url":"https:\/\/www.weddinginfrance.fr\/en\/wp-content\/uploads\/2020\/05\/destination-wedding-in-france-6.jpg","contentUrl":"https:\/\/www.weddinginfrance.fr\/en\/wp-content\/uploads\/2020\/05\/destination-wedding-in-france-6.jpg","width":640,"height":640},{"@type":"BreadcrumbList","@id":"https:\/\/www.weddinginfrance.fr\/en\/paris-luxury-hotels-weddings-venues-2\/#breadcrumb","itemListElement":[{"@type":"ListItem","position":1,"name":"Home","item":"https:\/\/www.weddinginfrance.fr\/en\/"},{"@type":"ListItem","position":2,"name":"Paris Luxury Hotels Weddings Venues &#8211; Part 1"}]},{"@type":"WebSite","@id":"https:\/\/www.weddinginfrance.fr\/en\/#website","url":"https:\/\/www.weddinginfrance.fr\/en\/","name":"Destination wedding planner in France","description":"Destination wedding planner in France","potentialAction":[{"@type":"SearchAction","target":{"@type":"EntryPoint","urlTemplate":"https:\/\/www.weddinginfrance.fr\/en\/?s={search_term_string}"},"query-input":{"@type":"PropertyValueSpecification","valueRequired":true,"valueName":"search_term_string"}}],"inLanguage":"en-GB"}]}},"_links":{"self":[{"href":"https:\/\/www.weddinginfrance.fr\/en\/wp-json\/wp\/v2\/pages\/3250","targetHints":{"allow":["GET"]}}],"collection":[{"href":"https:\/\/www.weddinginfrance.fr\/en\/wp-json\/wp\/v2\/pages"}],"about":[{"href":"https:\/\/www.weddinginfrance.fr\/en\/wp-json\/wp\/v2\/types\/page"}],"author":[{"embeddable":true,"href":"https:\/\/www.weddinginfrance.fr\/en\/wp-json\/wp\/v2\/users\/2"}],"replies":[{"embeddable":true,"href":"https:\/\/www.weddinginfrance.fr\/en\/wp-json\/wp\/v2\/comments?post=3250"}],"version-history":[{"count":7,"href":"https:\/\/www.weddinginfrance.fr\/en\/wp-json\/wp\/v2\/pages\/3250\/revisions"}],"predecessor-version":[{"id":4200,"href":"https:\/\/www.weddinginfrance.fr\/en\/wp-json\/wp\/v2\/pages\/3250\/revisions\/4200"}],"wp:featuredmedia":[{"embeddable":true,"href":"https:\/\/www.weddinginfrance.fr\/en\/wp-json\/wp\/v2\/media\/2590"}],"wp:attachment":[{"href":"https:\/\/www.weddinginfrance.fr\/en\/wp-json\/wp\/v2\/media?parent=3250"}],"curies":[{"name":"wp","href":"https:\/\/api.w.org\/{rel}","templated":true}]}}